{"id":1738,"date":"2023-12-20T15:08:26","date_gmt":"2023-12-20T14:08:26","guid":{"rendered":"https:\/\/hoteltroense.dk\/?page_id=1738"},"modified":"2026-03-02T12:25:18","modified_gmt":"2026-03-02T11:25:18","slug":"mindehoejtidelighed","status":"publish","type":"page","link":"https:\/\/hoteltroense.dk\/en\/mindehoejtidelighed\/","title":{"rendered":"Remembrance ceremony"},"content":{"rendered":"<div data-elementor-type=\"wp-page\" data-elementor-id=\"1738\" class=\"elementor elementor-1738\" data-elementor-post-type=\"page\">\n\t\t\t\t\t\t<section class=\"elementor-section elementor-top-section elementor-element elementor-element-817bf3c elementor-section-height-min-height elementor-section-boxed elementor-section-height-default elementor-section-items-middle\" data-id=\"817bf3c\" data-element_type=\"section\" data-e-type=\"section\" data-settings=\"{&quot;background_background&quot;:&quot;classic&quot;}\">\n\t\t\t\t\t\t<div class=\"elementor-container elementor-column-gap-default\">\n\t\t\t\t\t<div class=\"elementor-column elementor-col-100 elementor-top-column elementor-element elementor-element-e85651f\" data-id=\"e85651f\" data-element_type=\"column\" data-e-type=\"column\">\n\t\t\t<div class=\"elementor-widget-wrap\">\n\t\t\t\t\t\t\t<\/div>\n\t\t<\/div>\n\t\t\t\t\t<\/div>\n\t\t<\/section>\n\t\t\t\t<section class=\"elementor-section elementor-top-section elementor-element elementor-element-a43ec19 elementor-section-boxed elementor-section-height-default elementor-section-height-default\" data-id=\"a43ec19\" data-element_type=\"section\" data-e-type=\"section\" data-settings=\"{&quot;background_background&quot;:&quot;classic&quot;}\">\n\t\t\t\t\t\t<div class=\"elementor-container elementor-column-gap-default\">\n\t\t\t\t\t<div class=\"elementor-column elementor-col-50 elementor-top-column elementor-element elementor-element-b10be52\" data-id=\"b10be52\" data-element_type=\"column\" data-e-type=\"column\">\n\t\t\t<div class=\"elementor-widget-wrap elementor-element-populated\">\n\t\t\t\t\t\t<div class=\"elementor-element elementor-element-336ec0d elementor-widget elementor-widget-heading\" data-id=\"336ec0d\" data-element_type=\"widget\" data-e-type=\"widget\" data-widget_type=\"heading.default\">\n\t\t\t\t<div class=\"elementor-widget-container\">\n\t\t\t\t\t<h2 class=\"elementor-heading-title elementor-size-default\">Remembrance ceremony<\/h2>\t\t\t\t<\/div>\n\t\t\t\t<\/div>\n\t\t\t\t<div class=\"elementor-element elementor-element-9edb58a elementor-widget elementor-widget-heading\" data-id=\"9edb58a\" data-element_type=\"widget\" data-e-type=\"widget\" data-widget_type=\"heading.default\">\n\t\t\t\t<div class=\"elementor-widget-container\">\n\t\t\t\t\t<h4 class=\"elementor-heading-title elementor-size-default\">In connection with the holding of a memorial service, we offer the following\n<\/h4>\t\t\t\t<\/div>\n\t\t\t\t<\/div>\n\t\t\t\t<div class=\"elementor-element elementor-element-6c0078b elementor-widget elementor-widget-toggle\" data-id=\"6c0078b\" data-element_type=\"widget\" data-e-type=\"widget\" data-widget_type=\"toggle.default\">\n\t\t\t\t<div class=\"elementor-widget-container\">\n\t\t\t\t\t\t\t<div class=\"elementor-toggle\">\n\t\t\t\t\t\t\t<div class=\"elementor-toggle-item\">\n\t\t\t\t\t<div id=\"elementor-tab-title-1131\" class=\"elementor-tab-title\" data-tab=\"1\" role=\"button\" aria-controls=\"elementor-tab-content-1131\" aria-expanded=\"false\">\n\t\t\t\t\t\t\t\t\t\t\t\t<span class=\"elementor-toggle-icon elementor-toggle-icon-right\" aria-hidden=\"true\">\n\t\t\t\t\t\t\t\t\t\t\t\t\t\t\t<span class=\"elementor-toggle-icon-closed\"><i class=\"feather feather-chevron-down\"><\/i><\/span>\n\t\t\t\t\t\t\t\t<span class=\"elementor-toggle-icon-opened\"><i class=\"elementor-toggle-icon-opened feather feather-chevron-up\"><\/i><\/span>\n\t\t\t\t\t\t\t\t\t\t\t\t\t<\/span>\n\t\t\t\t\t\t\t\t\t\t\t\t<a class=\"elementor-toggle-title\" tabindex=\"0\">Mind-boggling<\/a>\n\t\t\t\t\t<\/div>\n\n\t\t\t\t\t<div id=\"elementor-tab-content-1131\" class=\"elementor-tab-content elementor-clearfix\" data-tab=\"1\" role=\"region\" aria-labelledby=\"elementor-tab-title-1131\"><p>2\/2 rolls with butter, homemade pretzels and biscuits. Coffee and tea will be served.<\/p><p>175,-<\/p><p>\u00a0<\/p><p>2 slices with cold cuts and 1 slice with cheese.<\/p><p>Coffee and tea and biscuits.<\/p><p>228,-<\/p><p>\u00a0<\/p><p>A buffet with a selection of cold cuts, cheese, and warm meatballs with red cabbage.\u00a0<\/p><p>Coffee and tea and biscuits.\u00a0<\/p><p>Optional extra: Tartlets with chicken in asparagus + 48,-<\/p><p>235,-\u00a0<\/p><p>\u00a0<\/p><p>Clear soup with meatballs and herbs, and baked bread.<\/p><p>Roast beef\/chicken breast with horseradish sauce, green beans and new potatoes.\u00a0<\/p><p>Coffee and tea and biscuits.<\/p><p>295,-<\/p><p>\u00a0<\/p><p>Drinks are settled according to consumption.<\/p><\/div>\n\t\t\t\t<\/div>\n\t\t\t\t\t\t\t\t<\/div>\n\t\t\t\t\t\t<\/div>\n\t\t\t\t<\/div>\n\t\t\t\t<div class=\"elementor-element elementor-element-6345da5 elementor-widget elementor-widget-text-editor\" data-id=\"6345da5\" data-element_type=\"widget\" data-e-type=\"widget\" data-widget_type=\"text-editor.default\">\n\t\t\t\t<div class=\"elementor-widget-container\">\n\t\t\t\t\t\t\t\t\t<p>Should you have any other requests, please do not hesitate to contact us.<\/p>\t\t\t\t\t\t\t\t<\/div>\n\t\t\t\t<\/div>\n\t\t\t\t<div class=\"elementor-element elementor-element-8b08130 elementor-align-left elementor-widget__width-auto elementor-widget elementor-widget-button\" data-id=\"8b08130\" data-element_type=\"widget\" data-e-type=\"widget\" data-widget_type=\"button.default\">\n\t\t\t\t<div class=\"elementor-widget-container\">\n\t\t\t\t\t\t\t\t\t<div class=\"elementor-button-wrapper\">\n\t\t\t\t\t<a class=\"elementor-button elementor-button-link elementor-size-sm\" href=\"\/en\/book-bord\/\">\n\t\t\t\t\t\t<span class=\"elementor-button-content-wrapper\">\n\t\t\t\t\t\t\t\t\t<span class=\"elementor-button-text\">Book a table<\/span>\n\t\t\t\t\t<\/span>\n\t\t\t\t\t<\/a>\n\t\t\t\t<\/div>\n\t\t\t\t\t\t\t\t<\/div>\n\t\t\t\t<\/div>\n\t\t\t\t\t<\/div>\n\t\t<\/div>\n\t\t\t\t<div class=\"elementor-column elementor-col-50 elementor-top-column elementor-element elementor-element-a3c6d07\" data-id=\"a3c6d07\" data-element_type=\"column\" data-e-type=\"column\" data-settings=\"{&quot;background_background&quot;:&quot;classic&quot;}\">\n\t\t\t<div class=\"elementor-widget-wrap elementor-element-populated\">\n\t\t\t\t\t\t<div class=\"elementor-element elementor-element-5d1cd2d elementor-widget elementor-widget-heading\" data-id=\"5d1cd2d\" data-element_type=\"widget\" data-e-type=\"widget\" data-widget_type=\"heading.default\">\n\t\t\t\t<div class=\"elementor-widget-container\">\n\t\t\t\t\t<h3 class=\"elementor-heading-title elementor-size-default\">How many are coming?\n<\/h3>\t\t\t\t<\/div>\n\t\t\t\t<\/div>\n\t\t\t\t<div class=\"elementor-element elementor-element-5090569 elementor-widget elementor-widget-text-editor\" data-id=\"5090569\" data-element_type=\"widget\" data-e-type=\"widget\" data-widget_type=\"text-editor.default\">\n\t\t\t\t<div class=\"elementor-widget-container\">\n\t\t\t\t\t\t\t\t\t<p>We fully understand that it can be difficult to set the precise number of participants.<\/p>\n<p>&nbsp;Try to work it out as best as possible.<\/p>\n<p>Payment is made for the number of people booked for.&nbsp;&nbsp;<\/p>\n<p>If more than 10 people beyond the ordered number are present, an additional express fee of DKK 15 per person will be charged.<\/p>\t\t\t\t\t\t\t\t<\/div>\n\t\t\t\t<\/div>\n\t\t\t\t\t<\/div>\n\t\t<\/div>\n\t\t\t\t\t<\/div>\n\t\t<\/section>\n\t\t\t\t<\/div>","protected":false},"excerpt":{"rendered":"<p>Mindeh\u00f8jtidelighed I forbindelse med afholdelse af mindeh\u00f8jtidelighed tilbyder vi f\u00f8lgende Mindekommensammen 2\/2 boller med sm\u00f8r, hjemmebagt kringle og sm\u00e5kager. Kaffe og te serveres til. 175,- \u00a0 2 snitter med p\u00e5l\u00e6g og 1 snitte med ost. Kaffe og te samt sm\u00e5kager. 228,- \u00a0 Buffet med diverse p\u00e5l\u00e6g, ost og lune frikadeller med r\u00f8dk\u00e5l.\u00a0 Kaffe og te [&hellip;]<\/p>\n","protected":false},"author":5,"featured_media":1926,"parent":0,"menu_order":0,"comment_status":"closed","ping_status":"closed","template":"","meta":{"footnotes":"","_links_to":"","_links_to_target":""},"class_list":["post-1738","page","type-page","status-publish","has-post-thumbnail","hentry"],"yoast_head":"<!-- This site is optimized with the Yoast SEO plugin v27.4 - https:\/\/yoast.com\/product\/yoast-seo-wordpress\/ -->\n<title>Mindeh\u00f8jtidelighed | Hotel Troense | F\u00e5 sagt et ordentligt farvel<\/title>\n<meta name=\"description\" content=\"I forbindelse med afholdelse af mindeh\u00f8jtidelighed tilbyder vi kaffebord, frokost og varm mad. Se mere om mindeh\u00f8jtidelighed hos os her\" \/>\n<meta name=\"robots\" content=\"index, follow, max-snippet:-1, max-image-preview:large, max-video-preview:-1\" \/>\n<link rel=\"canonical\" href=\"https:\/\/hoteltroense.dk\/en\/mindehoejtidelighed\/\" \/>\n<meta property=\"og:locale\" content=\"en_GB\" \/>\n<meta property=\"og:type\" content=\"article\" \/>\n<meta property=\"og:title\" content=\"Mindeh\u00f8jtidelighed | Hotel Troense | F\u00e5 sagt et ordentligt farvel\" \/>\n<meta property=\"og:description\" content=\"I forbindelse med afholdelse af mindeh\u00f8jtidelighed tilbyder vi kaffebord, frokost og varm mad. Se mere om mindeh\u00f8jtidelighed hos os her\" \/>\n<meta property=\"og:url\" content=\"https:\/\/hoteltroense.dk\/en\/mindehoejtidelighed\/\" \/>\n<meta property=\"og:site_name\" content=\"Hotel Troense\" \/>\n<meta property=\"article:modified_time\" content=\"2026-03-02T11:25:18+00:00\" \/>\n<meta property=\"og:image\" content=\"https:\/\/hoteltroense.dk\/wp-content\/uploads\/2023\/12\/N0A6208.jpg\" \/>\n\t<meta property=\"og:image:width\" content=\"1890\" \/>\n\t<meta property=\"og:image:height\" content=\"1260\" \/>\n\t<meta property=\"og:image:type\" content=\"image\/jpeg\" \/>\n<meta name=\"twitter:card\" content=\"summary_large_image\" \/>\n<meta name=\"twitter:label1\" content=\"Est. reading time\" \/>\n\t<meta name=\"twitter:data1\" content=\"1 minute\" \/>\n<script type=\"application\/ld+json\" class=\"yoast-schema-graph\">{\"@context\":\"https:\\\/\\\/schema.org\",\"@graph\":[{\"@type\":\"WebPage\",\"@id\":\"https:\\\/\\\/hoteltroense.dk\\\/mindehoejtidelighed\\\/\",\"url\":\"https:\\\/\\\/hoteltroense.dk\\\/mindehoejtidelighed\\\/\",\"name\":\"Mindeh\u00f8jtidelighed | Hotel Troense | F\u00e5 sagt et ordentligt farvel\",\"isPartOf\":{\"@id\":\"https:\\\/\\\/hoteltroense.dk\\\/#website\"},\"primaryImageOfPage\":{\"@id\":\"https:\\\/\\\/hoteltroense.dk\\\/mindehoejtidelighed\\\/#primaryimage\"},\"image\":{\"@id\":\"https:\\\/\\\/hoteltroense.dk\\\/mindehoejtidelighed\\\/#primaryimage\"},\"thumbnailUrl\":\"https:\\\/\\\/hoteltroense.dk\\\/wp-content\\\/uploads\\\/2023\\\/12\\\/N0A6208.jpg\",\"datePublished\":\"2023-12-20T14:08:26+00:00\",\"dateModified\":\"2026-03-02T11:25:18+00:00\",\"description\":\"I forbindelse med afholdelse af mindeh\u00f8jtidelighed tilbyder vi kaffebord, frokost og varm mad. Se mere om mindeh\u00f8jtidelighed hos os her\",\"breadcrumb\":{\"@id\":\"https:\\\/\\\/hoteltroense.dk\\\/mindehoejtidelighed\\\/#breadcrumb\"},\"inLanguage\":\"en-GB\",\"potentialAction\":[{\"@type\":\"ReadAction\",\"target\":[\"https:\\\/\\\/hoteltroense.dk\\\/mindehoejtidelighed\\\/\"]}]},{\"@type\":\"ImageObject\",\"inLanguage\":\"en-GB\",\"@id\":\"https:\\\/\\\/hoteltroense.dk\\\/mindehoejtidelighed\\\/#primaryimage\",\"url\":\"https:\\\/\\\/hoteltroense.dk\\\/wp-content\\\/uploads\\\/2023\\\/12\\\/N0A6208.jpg\",\"contentUrl\":\"https:\\\/\\\/hoteltroense.dk\\\/wp-content\\\/uploads\\\/2023\\\/12\\\/N0A6208.jpg\",\"width\":1890,\"height\":1260},{\"@type\":\"BreadcrumbList\",\"@id\":\"https:\\\/\\\/hoteltroense.dk\\\/mindehoejtidelighed\\\/#breadcrumb\",\"itemListElement\":[{\"@type\":\"ListItem\",\"position\":1,\"name\":\"Hjem\",\"item\":\"https:\\\/\\\/hoteltroense.dk\\\/\"},{\"@type\":\"ListItem\",\"position\":2,\"name\":\"Mindeh\u00f8jtidelighed\"}]},{\"@type\":\"WebSite\",\"@id\":\"https:\\\/\\\/hoteltroense.dk\\\/#website\",\"url\":\"https:\\\/\\\/hoteltroense.dk\\\/\",\"name\":\"Hotel Troense\",\"description\":\"Hotel Troense er din Oase p\u00e5 Fyn n\u00e6r Svendborg.\",\"publisher\":{\"@id\":\"https:\\\/\\\/hoteltroense.dk\\\/#organization\"},\"potentialAction\":[{\"@type\":\"SearchAction\",\"target\":{\"@type\":\"EntryPoint\",\"urlTemplate\":\"https:\\\/\\\/hoteltroense.dk\\\/?s={search_term_string}\"},\"query-input\":{\"@type\":\"PropertyValueSpecification\",\"valueRequired\":true,\"valueName\":\"search_term_string\"}}],\"inLanguage\":\"en-GB\"},{\"@type\":\"Organization\",\"@id\":\"https:\\\/\\\/hoteltroense.dk\\\/#organization\",\"name\":\"Hotel Troense\",\"url\":\"https:\\\/\\\/hoteltroense.dk\\\/\",\"logo\":{\"@type\":\"ImageObject\",\"inLanguage\":\"en-GB\",\"@id\":\"https:\\\/\\\/hoteltroense.dk\\\/#\\\/schema\\\/logo\\\/image\\\/\",\"url\":\"https:\\\/\\\/hoteltroense.dk\\\/wp-content\\\/uploads\\\/2020\\\/11\\\/aflang.svg\",\"contentUrl\":\"https:\\\/\\\/hoteltroense.dk\\\/wp-content\\\/uploads\\\/2020\\\/11\\\/aflang.svg\",\"width\":569,\"height\":146,\"caption\":\"Hotel Troense\"},\"image\":{\"@id\":\"https:\\\/\\\/hoteltroense.dk\\\/#\\\/schema\\\/logo\\\/image\\\/\"}}]}<\/script>\n<!-- \/ Yoast SEO plugin. -->","yoast_head_json":{"title":"Ceremony | Hotel Troense | Say a proper farewell","description":"In connection with memorial services, we offer coffee breaks, lunch, and hot meals. See more about memorial services with us here.","robots":{"index":"index","follow":"follow","max-snippet":"max-snippet:-1","max-image-preview":"max-image-preview:large","max-video-preview":"max-video-preview:-1"},"canonical":"https:\/\/hoteltroense.dk\/en\/mindehoejtidelighed\/","og_locale":"en_GB","og_type":"article","og_title":"Mindeh\u00f8jtidelighed | Hotel Troense | F\u00e5 sagt et ordentligt farvel","og_description":"I forbindelse med afholdelse af mindeh\u00f8jtidelighed tilbyder vi kaffebord, frokost og varm mad. Se mere om mindeh\u00f8jtidelighed hos os her","og_url":"https:\/\/hoteltroense.dk\/en\/mindehoejtidelighed\/","og_site_name":"Hotel Troense","article_modified_time":"2026-03-02T11:25:18+00:00","og_image":[{"width":1890,"height":1260,"url":"https:\/\/hoteltroense.dk\/wp-content\/uploads\/2023\/12\/N0A6208.jpg","type":"image\/jpeg"}],"twitter_card":"summary_large_image","twitter_misc":{"Est. reading time":"1 minute"},"schema":{"@context":"https:\/\/schema.org","@graph":[{"@type":"WebPage","@id":"https:\/\/hoteltroense.dk\/mindehoejtidelighed\/","url":"https:\/\/hoteltroense.dk\/mindehoejtidelighed\/","name":"Ceremony | Hotel Troense | Say a proper farewell","isPartOf":{"@id":"https:\/\/hoteltroense.dk\/#website"},"primaryImageOfPage":{"@id":"https:\/\/hoteltroense.dk\/mindehoejtidelighed\/#primaryimage"},"image":{"@id":"https:\/\/hoteltroense.dk\/mindehoejtidelighed\/#primaryimage"},"thumbnailUrl":"https:\/\/hoteltroense.dk\/wp-content\/uploads\/2023\/12\/N0A6208.jpg","datePublished":"2023-12-20T14:08:26+00:00","dateModified":"2026-03-02T11:25:18+00:00","description":"In connection with memorial services, we offer coffee breaks, lunch, and hot meals. See more about memorial services with us here.","breadcrumb":{"@id":"https:\/\/hoteltroense.dk\/mindehoejtidelighed\/#breadcrumb"},"inLanguage":"en-GB","potentialAction":[{"@type":"ReadAction","target":["https:\/\/hoteltroense.dk\/mindehoejtidelighed\/"]}]},{"@type":"ImageObject","inLanguage":"en-GB","@id":"https:\/\/hoteltroense.dk\/mindehoejtidelighed\/#primaryimage","url":"https:\/\/hoteltroense.dk\/wp-content\/uploads\/2023\/12\/N0A6208.jpg","contentUrl":"https:\/\/hoteltroense.dk\/wp-content\/uploads\/2023\/12\/N0A6208.jpg","width":1890,"height":1260},{"@type":"BreadcrumbList","@id":"https:\/\/hoteltroense.dk\/mindehoejtidelighed\/#breadcrumb","itemListElement":[{"@type":"ListItem","position":1,"name":"Hjem","item":"https:\/\/hoteltroense.dk\/"},{"@type":"ListItem","position":2,"name":"Mindeh\u00f8jtidelighed"}]},{"@type":"WebSite","@id":"https:\/\/hoteltroense.dk\/#website","url":"https:\/\/hoteltroense.dk\/","name":"Hotel Troense","description":"Hotel Troense is your oasis on Funen, near Svendborg.","publisher":{"@id":"https:\/\/hoteltroense.dk\/#organization"},"potentialAction":[{"@type":"SearchAction","target":{"@type":"EntryPoint","urlTemplate":"https:\/\/hoteltroense.dk\/?s={search_term_string}"},"query-input":{"@type":"PropertyValueSpecification","valueRequired":true,"valueName":"search_term_string"}}],"inLanguage":"en-GB"},{"@type":"Organization","@id":"https:\/\/hoteltroense.dk\/#organization","name":"Hotel Troense","url":"https:\/\/hoteltroense.dk\/","logo":{"@type":"ImageObject","inLanguage":"en-GB","@id":"https:\/\/hoteltroense.dk\/#\/schema\/logo\/image\/","url":"https:\/\/hoteltroense.dk\/wp-content\/uploads\/2020\/11\/aflang.svg","contentUrl":"https:\/\/hoteltroense.dk\/wp-content\/uploads\/2020\/11\/aflang.svg","width":569,"height":146,"caption":"Hotel Troense"},"image":{"@id":"https:\/\/hoteltroense.dk\/#\/schema\/logo\/image\/"}}]}},"_links":{"self":[{"href":"https:\/\/hoteltroense.dk\/en\/wp-json\/wp\/v2\/pages\/1738","targetHints":{"allow":["GET"]}}],"collection":[{"href":"https:\/\/hoteltroense.dk\/en\/wp-json\/wp\/v2\/pages"}],"about":[{"href":"https:\/\/hoteltroense.dk\/en\/wp-json\/wp\/v2\/types\/page"}],"author":[{"embeddable":true,"href":"https:\/\/hoteltroense.dk\/en\/wp-json\/wp\/v2\/users\/5"}],"replies":[{"embeddable":true,"href":"https:\/\/hoteltroense.dk\/en\/wp-json\/wp\/v2\/comments?post=1738"}],"version-history":[{"count":56,"href":"https:\/\/hoteltroense.dk\/en\/wp-json\/wp\/v2\/pages\/1738\/revisions"}],"predecessor-version":[{"id":3966,"href":"https:\/\/hoteltroense.dk\/en\/wp-json\/wp\/v2\/pages\/1738\/revisions\/3966"}],"wp:featuredmedia":[{"embeddable":true,"href":"https:\/\/hoteltroense.dk\/en\/wp-json\/wp\/v2\/media\/1926"}],"wp:attachment":[{"href":"https:\/\/hoteltroense.dk\/en\/wp-json\/wp\/v2\/media?parent=1738"}],"curies":[{"name":"wp","href":"https:\/\/api.w.org\/{rel}","templated":true}]}}