{"id":1940,"date":"2023-12-21T09:09:09","date_gmt":"2023-12-21T08:09:09","guid":{"rendered":"https:\/\/hoteltroense.dk\/?page_id=1940"},"modified":"2024-02-05T08:27:56","modified_gmt":"2024-02-05T07:27:56","slug":"kontakt","status":"publish","type":"page","link":"https:\/\/hoteltroense.dk\/en\/kontakt\/","title":{"rendered":"Contact us"},"content":{"rendered":"\t\t<div data-elementor-type=\"wp-page\" data-elementor-id=\"1940\" class=\"elementor elementor-1940\" data-elementor-post-type=\"page\">\n\t\t\t\t\t\t<section class=\"elementor-section elementor-top-section elementor-element elementor-element-5d26fe0 elementor-section-full_width elementor-section-height-min-height elementor-section-items-stretch elementor-reverse-tablet elementor-reverse-mobile elementor-section-height-default\" data-id=\"5d26fe0\" data-element_type=\"section\" data-e-type=\"section\" data-settings=\"{&quot;background_background&quot;:&quot;slideshow&quot;,&quot;background_slideshow_gallery&quot;:[{&quot;id&quot;:342,&quot;url&quot;:&quot;https:\\\/\\\/hoteltroense.dk\\\/wp-content\\\/uploads\\\/2023\\\/12\\\/Hotel-Troense-8745-2.jpg&quot;},{&quot;id&quot;:1928,&quot;url&quot;:&quot;https:\\\/\\\/hoteltroense.dk\\\/wp-content\\\/uploads\\\/2023\\\/12\\\/N0A6221.jpg&quot;},{&quot;id&quot;:1195,&quot;url&quot;:&quot;https:\\\/\\\/hoteltroense.dk\\\/wp-content\\\/uploads\\\/2023\\\/12\\\/Luftfoto.jpg&quot;},{&quot;id&quot;:1926,&quot;url&quot;:&quot;https:\\\/\\\/hoteltroense.dk\\\/wp-content\\\/uploads\\\/2023\\\/12\\\/N0A6208.jpg&quot;}],&quot;background_slideshow_ken_burns&quot;:&quot;yes&quot;,&quot;background_slideshow_loop&quot;:&quot;yes&quot;,&quot;background_slideshow_slide_duration&quot;:5000,&quot;background_slideshow_slide_transition&quot;:&quot;fade&quot;,&quot;background_slideshow_transition_duration&quot;:500,&quot;background_slideshow_ken_burns_zoom_direction&quot;:&quot;in&quot;}\">\n\t\t\t\t\t\t<div class=\"elementor-container elementor-column-gap-no\">\n\t\t\t\t\t<div class=\"elementor-column elementor-col-100 elementor-top-column elementor-element elementor-element-bfcab75\" data-id=\"bfcab75\" data-element_type=\"column\" data-e-type=\"column\">\n\t\t\t<div class=\"elementor-widget-wrap\">\n\t\t\t\t\t\t\t<\/div>\n\t\t<\/div>\n\t\t\t\t\t<\/div>\n\t\t<\/section>\n\t\t\t\t<section class=\"elementor-section elementor-top-section elementor-element elementor-element-32b2a5f elementor-section-full_width elementor-section-height-default elementor-section-height-default\" data-id=\"32b2a5f\" data-element_type=\"section\" data-e-type=\"section\" data-settings=\"{&quot;background_background&quot;:&quot;classic&quot;}\">\n\t\t\t\t\t\t<div class=\"elementor-container elementor-column-gap-wider\">\n\t\t\t\t\t<div class=\"elementor-column elementor-col-50 elementor-top-column elementor-element elementor-element-3d439c1\" data-id=\"3d439c1\" data-element_type=\"column\" data-e-type=\"column\">\n\t\t\t<div class=\"elementor-widget-wrap elementor-element-populated\">\n\t\t\t\t\t\t<div class=\"elementor-element elementor-element-eaa72dc elementor-widget elementor-widget-heading\" data-id=\"eaa72dc\" data-element_type=\"widget\" data-e-type=\"widget\" data-widget_type=\"heading.default\">\n\t\t\t\t<div class=\"elementor-widget-container\">\n\t\t\t\t\t<h1 class=\"elementor-heading-title elementor-size-default\">Kontakt os<\/h1>\t\t\t\t<\/div>\n\t\t\t\t<\/div>\n\t\t\t\t<div class=\"elementor-element elementor-element-00ca100 elementor-icon-list--layout-traditional elementor-list-item-link-full_width elementor-widget elementor-widget-icon-list\" data-id=\"00ca100\" data-element_type=\"widget\" data-e-type=\"widget\" data-widget_type=\"icon-list.default\">\n\t\t\t\t<div class=\"elementor-widget-container\">\n\t\t\t\t\t\t\t<ul class=\"elementor-icon-list-items\">\n\t\t\t\t\t\t\t<li class=\"elementor-icon-list-item\">\n\t\t\t\t\t\t\t\t\t\t\t<a href=\"https:\/\/www.google.com\/maps\/place\/Hotel+Troense\/@55.0334613,10.642737,17z\/data=!3m1!4b1!4m9!3m8!1s0x464d34ae37d113f1:0xf020f537141fbd8f!5m2!4m1!1i2!8m2!3d55.0334613!4d10.6453119!16s%2Fg%2F1tgllhqy?entry=ttu\" target=\"_blank\">\n\n\t\t\t\t\t\t\t\t\t\t\t\t<span class=\"elementor-icon-list-icon\">\n\t\t\t\t\t\t\t<i aria-hidden=\"true\" class=\"fas fa-map-marker-alt\"><\/i>\t\t\t\t\t\t<\/span>\n\t\t\t\t\t\t\t\t\t\t<span class=\"elementor-icon-list-text\">Strandgade 5, 5700 Svendborg<\/span>\n\t\t\t\t\t\t\t\t\t\t\t<\/a>\n\t\t\t\t\t\t\t\t\t<\/li>\n\t\t\t\t\t\t\t\t<li class=\"elementor-icon-list-item\">\n\t\t\t\t\t\t\t\t\t\t\t<a href=\"tel:+4562225412\">\n\n\t\t\t\t\t\t\t\t\t\t\t\t<span class=\"elementor-icon-list-icon\">\n\t\t\t\t\t\t\t<i aria-hidden=\"true\" class=\"fas fa-phone-alt\"><\/i>\t\t\t\t\t\t<\/span>\n\t\t\t\t\t\t\t\t\t\t<span class=\"elementor-icon-list-text\">+45 62 22 54 12<\/span>\n\t\t\t\t\t\t\t\t\t\t\t<\/a>\n\t\t\t\t\t\t\t\t\t<\/li>\n\t\t\t\t\t\t\t\t<li class=\"elementor-icon-list-item\">\n\t\t\t\t\t\t\t\t\t\t\t<a href=\"mailto:mail@hoteltroense.dk\">\n\n\t\t\t\t\t\t\t\t\t\t\t\t<span class=\"elementor-icon-list-icon\">\n\t\t\t\t\t\t\t<i aria-hidden=\"true\" class=\"fas fa-envelope\"><\/i>\t\t\t\t\t\t<\/span>\n\t\t\t\t\t\t\t\t\t\t<span class=\"elementor-icon-list-text\">mail@hoteltroense.dk<\/span>\n\t\t\t\t\t\t\t\t\t\t\t<\/a>\n\t\t\t\t\t\t\t\t\t<\/li>\n\t\t\t\t\t\t\t\t<li class=\"elementor-icon-list-item\">\n\t\t\t\t\t\t\t\t\t\t<span class=\"elementor-icon-list-text\">CVR-nr: 35016813<\/span>\n\t\t\t\t\t\t\t\t\t<\/li>\n\t\t\t\t\t\t<\/ul>\n\t\t\t\t\t\t<\/div>\n\t\t\t\t<\/div>\n\t\t\t\t\t<\/div>\n\t\t<\/div>\n\t\t\t\t<div class=\"elementor-column elementor-col-50 elementor-top-column elementor-element elementor-element-7d2f65a\" data-id=\"7d2f65a\" data-element_type=\"column\" data-e-type=\"column\">\n\t\t\t<div class=\"elementor-widget-wrap elementor-element-populated\">\n\t\t\t\t\t\t<div class=\"elementor-element elementor-element-d299902 elementor-widget elementor-widget-google_maps\" data-id=\"d299902\" data-element_type=\"widget\" data-e-type=\"widget\" data-widget_type=\"google_maps.default\">\n\t\t\t\t<div class=\"elementor-widget-container\">\n\t\t\t\t\t\t\t<div class=\"elementor-custom-embed\">\n\t\t\t<iframe loading=\"lazy\"\n\t\t\t\t\tsrc=\"https:\/\/www.google.com\/maps\/embed\/v1\/place?key=AIzaSyAM3ZVIAKATasOpCWKJnuhNRMXFMYbrk8Y&#038;q=Strandgade%205%20-%205700%20Svendborg%2C%20Fyn&#038;zoom=11\"\n\t\t\t\t\ttitle=\"Strandgade 5 - 5700 Svendborg, Fyn\"\n\t\t\t\t\taria-label=\"Strandgade 5 - 5700 Svendborg, Fyn\"\n\t\t\t><\/iframe>\n\t\t<\/div>\n\t\t\t\t\t\t<\/div>\n\t\t\t\t<\/div>\n\t\t\t\t\t<\/div>\n\t\t<\/div>\n\t\t\t\t\t<\/div>\n\t\t<\/section>\n\t\t\t\t<section class=\"elementor-section elementor-top-section elementor-element elementor-element-f99c5ed elementor-section-full_width elementor-section-content-middle elementor-section-height-default elementor-section-height-default\" data-id=\"f99c5ed\" data-element_type=\"section\" data-e-type=\"section\" id=\"formular\" data-settings=\"{&quot;background_background&quot;:&quot;classic&quot;}\">\n\t\t\t\t\t\t\t<div class=\"elementor-background-overlay\"><\/div>\n\t\t\t\t\t\t\t<div class=\"elementor-container elementor-column-gap-no\">\n\t\t\t\t\t<div class=\"elementor-column elementor-col-50 elementor-top-column elementor-element elementor-element-72236f9\" data-id=\"72236f9\" data-element_type=\"column\" data-e-type=\"column\">\n\t\t\t<div class=\"elementor-widget-wrap elementor-element-populated\">\n\t\t\t\t\t\t<div class=\"elementor-element elementor-element-0d6ec7a elementor-widget elementor-widget-heading\" data-id=\"0d6ec7a\" data-element_type=\"widget\" data-e-type=\"widget\" data-widget_type=\"heading.default\">\n\t\t\t\t<div class=\"elementor-widget-container\">\n\t\t\t\t\t<h2 class=\"elementor-heading-title elementor-size-default\">Skriv til os her<\/h2>\t\t\t\t<\/div>\n\t\t\t\t<\/div>\n\t\t\t\t<div class=\"elementor-element elementor-element-52aa6bd elementor-widget elementor-widget-text-editor\" data-id=\"52aa6bd\" data-element_type=\"widget\" data-e-type=\"widget\" data-widget_type=\"text-editor.default\">\n\t\t\t\t<div class=\"elementor-widget-container\">\n\t\t\t\t\t\t\t\t\t<p>Hvis du har sp\u00f8rgsm\u00e5l, eller gerne vil forsp\u00f8rge p\u00e5 en pris eller et ophold, s\u00e5 er du velkommen til at skrive til os.<\/p><p>S\u00e5 vil vi vende tilbage med svar hurtigst muligt.<\/p><p>Vi gl\u00e6der os til at se jer!<\/p>\t\t\t\t\t\t\t\t<\/div>\n\t\t\t\t<\/div>\n\t\t\t\t\t<\/div>\n\t\t<\/div>\n\t\t\t\t<div class=\"elementor-column elementor-col-50 elementor-top-column elementor-element elementor-element-512d7e7\" data-id=\"512d7e7\" data-element_type=\"column\" data-e-type=\"column\" data-settings=\"{&quot;background_background&quot;:&quot;classic&quot;}\">\n\t\t\t<div class=\"elementor-widget-wrap elementor-element-populated\">\n\t\t\t\t\t\t<div class=\"elementor-element elementor-element-9d29ff0 elementor-button-align-stretch elementor-widget elementor-widget-form\" data-id=\"9d29ff0\" data-element_type=\"widget\" data-e-type=\"widget\" data-settings=\"{&quot;step_next_label&quot;:&quot;N\\u00e6ste&quot;,&quot;step_previous_label&quot;:&quot;Tidligere&quot;,&quot;button_width&quot;:&quot;100&quot;,&quot;step_type&quot;:&quot;number_text&quot;,&quot;step_icon_shape&quot;:&quot;circle&quot;}\" data-widget_type=\"form.default\">\n\t\t\t\t<div class=\"elementor-widget-container\">\n\t\t\t\t\t\t\t<form class=\"elementor-form\" method=\"post\" name=\"Kontaktformular\" aria-label=\"Kontaktformular\">\n\t\t\t<input type=\"hidden\" name=\"post_id\" value=\"1940\"\/>\n\t\t\t<input type=\"hidden\" name=\"form_id\" value=\"9d29ff0\"\/>\n\t\t\t<input type=\"hidden\" name=\"referer_title\" value=\"Kontakt | Hotel Troense | Skriv til os her\" \/>\n\n\t\t\t\t\t\t\t<input type=\"hidden\" name=\"queried_id\" value=\"1940\"\/>\n\t\t\t\n\t\t\t<div class=\"elementor-form-fields-wrapper elementor-labels-\">\n\t\t\t\t\t\t\t\t<div class=\"elementor-field-type-text elementor-field-group elementor-column elementor-field-group-name elementor-col-100\">\n\t\t\t\t\t\t\t\t\t\t\t\t<label for=\"form-field-name\" class=\"elementor-field-label elementor-screen-only\">\n\t\t\t\t\t\t\t\tNavn\t\t\t\t\t\t\t<\/label>\n\t\t\t\t\t\t\t\t\t\t\t\t\t\t<input size=\"1\" type=\"text\" name=\"form_fields[name]\" id=\"form-field-name\" class=\"elementor-field elementor-size-sm  elementor-field-textual\" placeholder=\"Navn\">\n\t\t\t\t\t\t\t\t\t\t\t<\/div>\n\t\t\t\t\t\t\t\t<div class=\"elementor-field-type-text elementor-field-group elementor-column elementor-field-group-field_bf636b3 elementor-col-100\">\n\t\t\t\t\t\t\t\t\t\t\t\t<label for=\"form-field-field_bf636b3\" class=\"elementor-field-label elementor-screen-only\">\n\t\t\t\t\t\t\t\tTelefon\t\t\t\t\t\t\t<\/label>\n\t\t\t\t\t\t\t\t\t\t\t\t\t\t<input size=\"1\" type=\"text\" name=\"form_fields[field_bf636b3]\" id=\"form-field-field_bf636b3\" class=\"elementor-field elementor-size-sm  elementor-field-textual\" placeholder=\"Telefonnummer\">\n\t\t\t\t\t\t\t\t\t\t\t<\/div>\n\t\t\t\t\t\t\t\t<div class=\"elementor-field-type-email elementor-field-group elementor-column elementor-field-group-email elementor-col-100 elementor-field-required\">\n\t\t\t\t\t\t\t\t\t\t\t\t<label for=\"form-field-email\" class=\"elementor-field-label elementor-screen-only\">\n\t\t\t\t\t\t\t\tE-mail\t\t\t\t\t\t\t<\/label>\n\t\t\t\t\t\t\t\t\t\t\t\t\t\t<input size=\"1\" type=\"email\" name=\"form_fields[email]\" id=\"form-field-email\" class=\"elementor-field elementor-size-sm  elementor-field-textual\" placeholder=\"E-mail\" required=\"required\">\n\t\t\t\t\t\t\t\t\t\t\t<\/div>\n\t\t\t\t\t\t\t\t<div class=\"elementor-field-type-textarea elementor-field-group elementor-column elementor-field-group-message elementor-col-100\">\n\t\t\t\t\t\t\t\t\t\t\t\t<label for=\"form-field-message\" class=\"elementor-field-label elementor-screen-only\">\n\t\t\t\t\t\t\t\tMeddelelse\t\t\t\t\t\t\t<\/label>\n\t\t\t\t\t\t<textarea class=\"elementor-field-textual elementor-field  elementor-size-sm\" name=\"form_fields[message]\" id=\"form-field-message\" rows=\"4\" placeholder=\"Emne\"><\/textarea>\t\t\t\t<\/div>\n\t\t\t\t\t\t\t\t<div class=\"elementor-field-type-recaptcha_v3 elementor-field-group elementor-column elementor-field-group-field_8408baa elementor-col-100 recaptcha_v3-bottomright\">\n\t\t\t\t\t<div class=\"elementor-field\" id=\"form-field-field_8408baa\"><div class=\"elementor-g-recaptcha\" data-sitekey=\"6LfZ7GYpAAAAAFF5QDuS_ZvMJsx7xozxdrb7X_NA\" data-type=\"v3\" data-action=\"Form\" data-badge=\"bottomright\" data-size=\"invisible\"><\/div><\/div>\t\t\t\t<\/div>\n\t\t\t\t\t\t\t\t<div class=\"elementor-field-group elementor-column elementor-field-type-submit elementor-col-100 e-form__buttons\">\n\t\t\t\t\t<button class=\"elementor-button elementor-size-sm\" type=\"submit\">\n\t\t\t\t\t\t<span class=\"elementor-button-content-wrapper\">\n\t\t\t\t\t\t\t\t\t\t\t\t\t\t\t\t\t\t\t\t\t\t<span class=\"elementor-button-text\">Send<\/span>\n\t\t\t\t\t\t\t\t\t\t\t\t\t<\/span>\n\t\t\t\t\t<\/button>\n\t\t\t\t<\/div>\n\t\t\t<\/div>\n\t\t<\/form>\n\t\t\t\t\t\t<\/div>\n\t\t\t\t<\/div>\n\t\t\t\t\t<\/div>\n\t\t<\/div>\n\t\t\t\t\t<\/div>\n\t\t<\/section>\n\t\t\t\t<\/div>\n\t\t","protected":false},"excerpt":{"rendered":"<p>Kontakt os Strandgade 5, 5700 Svendborg +45 62 22 54 12 mail@hoteltroense.dk CVR-nr: 35016813 Skriv til os her Hvis du har sp\u00f8rgsm\u00e5l, eller gerne vil forsp\u00f8rge p\u00e5 en pris eller et ophold, s\u00e5 er du velkommen til at skrive til os. S\u00e5 vil vi vende tilbage med svar hurtigst muligt. Vi gl\u00e6der os til at [&hellip;]<\/p>\n","protected":false},"author":5,"featured_media":342,"parent":0,"menu_order":0,"comment_status":"closed","ping_status":"closed","template":"","meta":{"footnotes":"","_links_to":"","_links_to_target":""},"class_list":["post-1940","page","type-page","status-publish","has-post-thumbnail","hentry"],"yoast_head":"<!-- This site is optimized with the Yoast SEO plugin v27.4 - https:\/\/yoast.com\/product\/yoast-seo-wordpress\/ -->\n<title>Kontakt | Hotel Troense | Skriv til os her<\/title>\n<meta name=\"description\" content=\"Du finder Hotel Troense p\u00e5 adressen: Strandgade 5, 5700 Svendborg. Kontakt os p\u00e5 +45 62 22 54 12 eller mail@hoteltroense.dk.\" \/>\n<meta name=\"robots\" content=\"index, follow, max-snippet:-1, max-image-preview:large, max-video-preview:-1\" \/>\n<link rel=\"canonical\" href=\"https:\/\/hoteltroense.dk\/en\/kontakt\/\" \/>\n<meta property=\"og:locale\" content=\"en_GB\" \/>\n<meta property=\"og:type\" content=\"article\" \/>\n<meta property=\"og:title\" content=\"Kontakt | Hotel Troense | Skriv til os her\" \/>\n<meta property=\"og:description\" content=\"Du finder Hotel Troense p\u00e5 adressen: Strandgade 5, 5700 Svendborg. Kontakt os p\u00e5 +45 62 22 54 12 eller mail@hoteltroense.dk.\" \/>\n<meta property=\"og:url\" content=\"https:\/\/hoteltroense.dk\/en\/kontakt\/\" \/>\n<meta property=\"og:site_name\" content=\"Hotel Troense\" \/>\n<meta property=\"article:modified_time\" content=\"2024-02-05T07:27:56+00:00\" \/>\n<meta property=\"og:image\" content=\"https:\/\/hoteltroense.dk\/wp-content\/uploads\/2023\/12\/Hotel-Troense-8745-2.jpg\" \/>\n\t<meta property=\"og:image:width\" content=\"2438\" \/>\n\t<meta property=\"og:image:height\" content=\"1632\" \/>\n\t<meta property=\"og:image:type\" content=\"image\/jpeg\" \/>\n<meta name=\"twitter:card\" content=\"summary_large_image\" \/>\n<meta name=\"twitter:label1\" content=\"Est. reading time\" \/>\n\t<meta name=\"twitter:data1\" content=\"1 minute\" \/>\n<script type=\"application\/ld+json\" class=\"yoast-schema-graph\">{\"@context\":\"https:\\\/\\\/schema.org\",\"@graph\":[{\"@type\":\"WebPage\",\"@id\":\"https:\\\/\\\/hoteltroense.dk\\\/kontakt\\\/\",\"url\":\"https:\\\/\\\/hoteltroense.dk\\\/kontakt\\\/\",\"name\":\"Kontakt | Hotel Troense | Skriv til os her\",\"isPartOf\":{\"@id\":\"https:\\\/\\\/hoteltroense.dk\\\/#website\"},\"primaryImageOfPage\":{\"@id\":\"https:\\\/\\\/hoteltroense.dk\\\/kontakt\\\/#primaryimage\"},\"image\":{\"@id\":\"https:\\\/\\\/hoteltroense.dk\\\/kontakt\\\/#primaryimage\"},\"thumbnailUrl\":\"https:\\\/\\\/hoteltroense.dk\\\/wp-content\\\/uploads\\\/2023\\\/12\\\/Hotel-Troense-8745-2.jpg\",\"datePublished\":\"2023-12-21T08:09:09+00:00\",\"dateModified\":\"2024-02-05T07:27:56+00:00\",\"description\":\"Du finder Hotel Troense p\u00e5 adressen: Strandgade 5, 5700 Svendborg. Kontakt os p\u00e5 +45 62 22 54 12 eller mail@hoteltroense.dk.\",\"breadcrumb\":{\"@id\":\"https:\\\/\\\/hoteltroense.dk\\\/kontakt\\\/#breadcrumb\"},\"inLanguage\":\"en-GB\",\"potentialAction\":[{\"@type\":\"ReadAction\",\"target\":[\"https:\\\/\\\/hoteltroense.dk\\\/kontakt\\\/\"]}]},{\"@type\":\"ImageObject\",\"inLanguage\":\"en-GB\",\"@id\":\"https:\\\/\\\/hoteltroense.dk\\\/kontakt\\\/#primaryimage\",\"url\":\"https:\\\/\\\/hoteltroense.dk\\\/wp-content\\\/uploads\\\/2023\\\/12\\\/Hotel-Troense-8745-2.jpg\",\"contentUrl\":\"https:\\\/\\\/hoteltroense.dk\\\/wp-content\\\/uploads\\\/2023\\\/12\\\/Hotel-Troense-8745-2.jpg\",\"width\":2438,\"height\":1632},{\"@type\":\"BreadcrumbList\",\"@id\":\"https:\\\/\\\/hoteltroense.dk\\\/kontakt\\\/#breadcrumb\",\"itemListElement\":[{\"@type\":\"ListItem\",\"position\":1,\"name\":\"Hjem\",\"item\":\"https:\\\/\\\/hoteltroense.dk\\\/\"},{\"@type\":\"ListItem\",\"position\":2,\"name\":\"Kontakt\"}]},{\"@type\":\"WebSite\",\"@id\":\"https:\\\/\\\/hoteltroense.dk\\\/#website\",\"url\":\"https:\\\/\\\/hoteltroense.dk\\\/\",\"name\":\"Hotel Troense\",\"description\":\"Hotel Troense er din Oase p\u00e5 Fyn n\u00e6r Svendborg.\",\"publisher\":{\"@id\":\"https:\\\/\\\/hoteltroense.dk\\\/#organization\"},\"potentialAction\":[{\"@type\":\"SearchAction\",\"target\":{\"@type\":\"EntryPoint\",\"urlTemplate\":\"https:\\\/\\\/hoteltroense.dk\\\/?s={search_term_string}\"},\"query-input\":{\"@type\":\"PropertyValueSpecification\",\"valueRequired\":true,\"valueName\":\"search_term_string\"}}],\"inLanguage\":\"en-GB\"},{\"@type\":\"Organization\",\"@id\":\"https:\\\/\\\/hoteltroense.dk\\\/#organization\",\"name\":\"Hotel Troense\",\"url\":\"https:\\\/\\\/hoteltroense.dk\\\/\",\"logo\":{\"@type\":\"ImageObject\",\"inLanguage\":\"en-GB\",\"@id\":\"https:\\\/\\\/hoteltroense.dk\\\/#\\\/schema\\\/logo\\\/image\\\/\",\"url\":\"https:\\\/\\\/hoteltroense.dk\\\/wp-content\\\/uploads\\\/2020\\\/11\\\/aflang.svg\",\"contentUrl\":\"https:\\\/\\\/hoteltroense.dk\\\/wp-content\\\/uploads\\\/2020\\\/11\\\/aflang.svg\",\"width\":569,\"height\":146,\"caption\":\"Hotel Troense\"},\"image\":{\"@id\":\"https:\\\/\\\/hoteltroense.dk\\\/#\\\/schema\\\/logo\\\/image\\\/\"}}]}<\/script>\n<!-- \/ Yoast SEO plugin. -->","yoast_head_json":{"title":"Contact | Hotel Troense | Write to us here","description":"You will find Hotel Troense at the address: Strandgade 5, 5700 Svendborg. Contact us at +45 62 22 54 12 or mail@hoteltroense.dk.","robots":{"index":"index","follow":"follow","max-snippet":"max-snippet:-1","max-image-preview":"max-image-preview:large","max-video-preview":"max-video-preview:-1"},"canonical":"https:\/\/hoteltroense.dk\/en\/kontakt\/","og_locale":"en_GB","og_type":"article","og_title":"Kontakt | Hotel Troense | Skriv til os her","og_description":"Du finder Hotel Troense p\u00e5 adressen: Strandgade 5, 5700 Svendborg. Kontakt os p\u00e5 +45 62 22 54 12 eller mail@hoteltroense.dk.","og_url":"https:\/\/hoteltroense.dk\/en\/kontakt\/","og_site_name":"Hotel Troense","article_modified_time":"2024-02-05T07:27:56+00:00","og_image":[{"width":2438,"height":1632,"url":"https:\/\/hoteltroense.dk\/wp-content\/uploads\/2023\/12\/Hotel-Troense-8745-2.jpg","type":"image\/jpeg"}],"twitter_card":"summary_large_image","twitter_misc":{"Est. reading time":"1 minute"},"schema":{"@context":"https:\/\/schema.org","@graph":[{"@type":"WebPage","@id":"https:\/\/hoteltroense.dk\/kontakt\/","url":"https:\/\/hoteltroense.dk\/kontakt\/","name":"Contact | Hotel Troense | Write to us here","isPartOf":{"@id":"https:\/\/hoteltroense.dk\/#website"},"primaryImageOfPage":{"@id":"https:\/\/hoteltroense.dk\/kontakt\/#primaryimage"},"image":{"@id":"https:\/\/hoteltroense.dk\/kontakt\/#primaryimage"},"thumbnailUrl":"https:\/\/hoteltroense.dk\/wp-content\/uploads\/2023\/12\/Hotel-Troense-8745-2.jpg","datePublished":"2023-12-21T08:09:09+00:00","dateModified":"2024-02-05T07:27:56+00:00","description":"You will find Hotel Troense at the address: Strandgade 5, 5700 Svendborg. Contact us at +45 62 22 54 12 or mail@hoteltroense.dk.","breadcrumb":{"@id":"https:\/\/hoteltroense.dk\/kontakt\/#breadcrumb"},"inLanguage":"en-GB","potentialAction":[{"@type":"ReadAction","target":["https:\/\/hoteltroense.dk\/kontakt\/"]}]},{"@type":"ImageObject","inLanguage":"en-GB","@id":"https:\/\/hoteltroense.dk\/kontakt\/#primaryimage","url":"https:\/\/hoteltroense.dk\/wp-content\/uploads\/2023\/12\/Hotel-Troense-8745-2.jpg","contentUrl":"https:\/\/hoteltroense.dk\/wp-content\/uploads\/2023\/12\/Hotel-Troense-8745-2.jpg","width":2438,"height":1632},{"@type":"BreadcrumbList","@id":"https:\/\/hoteltroense.dk\/kontakt\/#breadcrumb","itemListElement":[{"@type":"ListItem","position":1,"name":"Hjem","item":"https:\/\/hoteltroense.dk\/"},{"@type":"ListItem","position":2,"name":"Kontakt"}]},{"@type":"WebSite","@id":"https:\/\/hoteltroense.dk\/#website","url":"https:\/\/hoteltroense.dk\/","name":"Hotel Troense","description":"Hotel Troense is your oasis on Funen, near Svendborg.","publisher":{"@id":"https:\/\/hoteltroense.dk\/#organization"},"potentialAction":[{"@type":"SearchAction","target":{"@type":"EntryPoint","urlTemplate":"https:\/\/hoteltroense.dk\/?s={search_term_string}"},"query-input":{"@type":"PropertyValueSpecification","valueRequired":true,"valueName":"search_term_string"}}],"inLanguage":"en-GB"},{"@type":"Organization","@id":"https:\/\/hoteltroense.dk\/#organization","name":"Hotel Troense","url":"https:\/\/hoteltroense.dk\/","logo":{"@type":"ImageObject","inLanguage":"en-GB","@id":"https:\/\/hoteltroense.dk\/#\/schema\/logo\/image\/","url":"https:\/\/hoteltroense.dk\/wp-content\/uploads\/2020\/11\/aflang.svg","contentUrl":"https:\/\/hoteltroense.dk\/wp-content\/uploads\/2020\/11\/aflang.svg","width":569,"height":146,"caption":"Hotel Troense"},"image":{"@id":"https:\/\/hoteltroense.dk\/#\/schema\/logo\/image\/"}}]}},"_links":{"self":[{"href":"https:\/\/hoteltroense.dk\/en\/wp-json\/wp\/v2\/pages\/1940","targetHints":{"allow":["GET"]}}],"collection":[{"href":"https:\/\/hoteltroense.dk\/en\/wp-json\/wp\/v2\/pages"}],"about":[{"href":"https:\/\/hoteltroense.dk\/en\/wp-json\/wp\/v2\/types\/page"}],"author":[{"embeddable":true,"href":"https:\/\/hoteltroense.dk\/en\/wp-json\/wp\/v2\/users\/5"}],"replies":[{"embeddable":true,"href":"https:\/\/hoteltroense.dk\/en\/wp-json\/wp\/v2\/comments?post=1940"}],"version-history":[{"count":49,"href":"https:\/\/hoteltroense.dk\/en\/wp-json\/wp\/v2\/pages\/1940\/revisions"}],"predecessor-version":[{"id":2886,"href":"https:\/\/hoteltroense.dk\/en\/wp-json\/wp\/v2\/pages\/1940\/revisions\/2886"}],"wp:featuredmedia":[{"embeddable":true,"href":"https:\/\/hoteltroense.dk\/en\/wp-json\/wp\/v2\/media\/342"}],"wp:attachment":[{"href":"https:\/\/hoteltroense.dk\/en\/wp-json\/wp\/v2\/media?parent=1940"}],"curies":[{"name":"wp","href":"https:\/\/api.w.org\/{rel}","templated":true}]}}