{"id":1982,"date":"2023-12-21T10:53:22","date_gmt":"2023-12-21T09:53:22","guid":{"rendered":"https:\/\/hoteltroense.dk\/?page_id=1982"},"modified":"2026-03-03T16:10:47","modified_gmt":"2026-03-03T15:10:47","slug":"betingelser","status":"publish","type":"page","link":"https:\/\/hoteltroense.dk\/en\/betingelser\/","title":{"rendered":"Terms and conditions"},"content":{"rendered":"\t\t<div data-elementor-type=\"wp-page\" data-elementor-id=\"1982\" class=\"elementor elementor-1982\" data-elementor-post-type=\"page\">\n\t\t\t\t\t\t<section class=\"elementor-section elementor-top-section elementor-element elementor-element-efa21db elementor-section-full_width elementor-section-height-min-height elementor-section-items-stretch elementor-reverse-tablet elementor-reverse-mobile elementor-section-height-default\" data-id=\"efa21db\" data-element_type=\"section\" data-e-type=\"section\" data-settings=\"{&quot;background_background&quot;:&quot;classic&quot;}\">\n\t\t\t\t\t\t<div class=\"elementor-container elementor-column-gap-no\">\n\t\t\t\t\t<div class=\"elementor-column elementor-col-50 elementor-top-column elementor-element elementor-element-9a1b8b7\" data-id=\"9a1b8b7\" data-element_type=\"column\" data-e-type=\"column\">\n\t\t\t<div class=\"elementor-widget-wrap elementor-element-populated\">\n\t\t\t\t\t\t<div class=\"elementor-element elementor-element-04ca00e elementor-widget elementor-widget-heading\" data-id=\"04ca00e\" data-element_type=\"widget\" data-e-type=\"widget\" data-widget_type=\"heading.default\">\n\t\t\t\t<div class=\"elementor-widget-container\">\n\t\t\t\t\t<h1 class=\"elementor-heading-title elementor-size-default\">Betingelser<\/h1>\t\t\t\t<\/div>\n\t\t\t\t<\/div>\n\t\t\t\t<div class=\"elementor-element elementor-element-297bc9b elementor-icon-list--layout-traditional elementor-list-item-link-full_width elementor-widget elementor-widget-icon-list\" data-id=\"297bc9b\" data-element_type=\"widget\" data-e-type=\"widget\" data-widget_type=\"icon-list.default\">\n\t\t\t\t<div class=\"elementor-widget-container\">\n\t\t\t\t\t\t\t<ul class=\"elementor-icon-list-items\">\n\t\t\t\t\t\t\t<li class=\"elementor-icon-list-item\">\n\t\t\t\t\t\t\t\t\t\t\t<a href=\"#generel\">\n\n\t\t\t\t\t\t\t\t\t\t\t<span class=\"elementor-icon-list-text\">Generelle handelsbetingelser<\/span>\n\t\t\t\t\t\t\t\t\t\t\t<\/a>\n\t\t\t\t\t\t\t\t\t<\/li>\n\t\t\t\t\t\t\t\t<li class=\"elementor-icon-list-item\">\n\t\t\t\t\t\t\t\t\t\t\t<a href=\"#moeder\">\n\n\t\t\t\t\t\t\t\t\t\t\t<span class=\"elementor-icon-list-text\">\u00c6ndring og annulleringsbetingelser ved m\u00f8der og kursus<\/span>\n\t\t\t\t\t\t\t\t\t\t\t<\/a>\n\t\t\t\t\t\t\t\t\t<\/li>\n\t\t\t\t\t\t\t\t<li class=\"elementor-icon-list-item\">\n\t\t\t\t\t\t\t\t\t\t\t<a href=\"#selskaber\">\n\n\t\t\t\t\t\t\t\t\t\t\t<span class=\"elementor-icon-list-text\">\u00c6ndring og annulleringsbetingelser betingelser ved selskaber<\/span>\n\t\t\t\t\t\t\t\t\t\t\t<\/a>\n\t\t\t\t\t\t\t\t\t<\/li>\n\t\t\t\t\t\t<\/ul>\n\t\t\t\t\t\t<\/div>\n\t\t\t\t<\/div>\n\t\t\t\t\t<\/div>\n\t\t<\/div>\n\t\t\t\t<div class=\"elementor-column elementor-col-50 elementor-top-column elementor-element elementor-element-22896ef\" data-id=\"22896ef\" data-element_type=\"column\" data-e-type=\"column\" data-settings=\"{&quot;background_background&quot;:&quot;slideshow&quot;,&quot;background_slideshow_gallery&quot;:[{&quot;id&quot;:1928,&quot;url&quot;:&quot;https:\\\/\\\/hoteltroense.dk\\\/wp-content\\\/uploads\\\/2023\\\/12\\\/N0A6221.jpg&quot;},{&quot;id&quot;:342,&quot;url&quot;:&quot;https:\\\/\\\/hoteltroense.dk\\\/wp-content\\\/uploads\\\/2023\\\/12\\\/Hotel-Troense-8745-2.jpg&quot;}],&quot;background_slideshow_ken_burns&quot;:&quot;yes&quot;,&quot;background_slideshow_loop&quot;:&quot;yes&quot;,&quot;background_slideshow_slide_duration&quot;:5000,&quot;background_slideshow_slide_transition&quot;:&quot;fade&quot;,&quot;background_slideshow_transition_duration&quot;:500,&quot;background_slideshow_ken_burns_zoom_direction&quot;:&quot;in&quot;}\">\n\t\t\t<div class=\"elementor-widget-wrap elementor-element-populated\">\n\t\t\t\t\t\t<div class=\"elementor-element elementor-element-cb56ef6 elementor-widget elementor-widget-spacer\" data-id=\"cb56ef6\" data-element_type=\"widget\" data-e-type=\"widget\" data-widget_type=\"spacer.default\">\n\t\t\t\t<div class=\"elementor-widget-container\">\n\t\t\t\t\t\t\t<div class=\"elementor-spacer\">\n\t\t\t<div class=\"elementor-spacer-inner\"><\/div>\n\t\t<\/div>\n\t\t\t\t\t\t<\/div>\n\t\t\t\t<\/div>\n\t\t\t\t\t<\/div>\n\t\t<\/div>\n\t\t\t\t\t<\/div>\n\t\t<\/section>\n\t\t\t\t<section class=\"elementor-section elementor-top-section elementor-element elementor-element-33ff27a elementor-section-full_width elementor-section-height-default elementor-section-height-default\" data-id=\"33ff27a\" data-element_type=\"section\" data-e-type=\"section\" id=\"generel\">\n\t\t\t\t\t\t<div class=\"elementor-container elementor-column-gap-default\">\n\t\t\t\t\t<div class=\"elementor-column elementor-col-100 elementor-top-column elementor-element elementor-element-90ff30b\" data-id=\"90ff30b\" data-element_type=\"column\" data-e-type=\"column\">\n\t\t\t<div class=\"elementor-widget-wrap elementor-element-populated\">\n\t\t\t\t\t\t<div class=\"elementor-element elementor-element-7d90574 elementor-widget elementor-widget-heading\" data-id=\"7d90574\" data-element_type=\"widget\" data-e-type=\"widget\" data-widget_type=\"heading.default\">\n\t\t\t\t<div class=\"elementor-widget-container\">\n\t\t\t\t\t<h2 class=\"elementor-heading-title elementor-size-default\">Generelle handelsbetingelser<\/h2>\t\t\t\t<\/div>\n\t\t\t\t<\/div>\n\t\t\t\t<div class=\"elementor-element elementor-element-10fbbb7 elementor-widget elementor-widget-text-editor\" data-id=\"10fbbb7\" data-element_type=\"widget\" data-e-type=\"widget\" data-widget_type=\"text-editor.default\">\n\t\t\t\t<div class=\"elementor-widget-container\">\n\t\t\t\t\t\t\t\t\t<h6>Handelsbetingelser og vilk\u00e5r p\u00e5 v\u00e6relser, ikke pakkeophold og grupper<\/h6><p>Ved afbestilling af et v\u00e6relse inden kl. 12.00, 2 dage f\u00f8r opholdets afholdelse sker det uden omkostninger.<\/p><p>Hotellet kan i alle tilf\u00e6lde kr\u00e6ve at blive holdt skadel\u00f8s for udgifter til s\u00e6rligt aftalte ydelser, der ikke kan afbestilles.<\/p><p>Ved reduktion af antallet af bestilte v\u00e6relser , inden kl. 12.00, 2 dage f\u00f8r opholdets afholdelse sker det uden omkostninger.<\/p><p>Ved reduktion af antallet af bestilte v\u00e6relser, efter kl. 12.00, 2 dage f\u00f8r opholdets afholdelse, kan hotellet kr\u00e6ve en godtg\u00f8relse der svare til 100% for de afbestilte ydelser.<\/p><p><strong>Reklamation<\/strong><\/p><p>Du kan kontakte os p\u00e5\u00a0via mail p\u00e5\u00a0<a href=\"mailto:mail@hoteltroense.dk\">mail@hoteltroense.dk<\/a>. Tlf. nr. 52588217<\/p><p><strong>Persondata<\/strong><\/p><p>For at du kan indg\u00e5 aftale med os p\u00e5 hoteltroense.dk, har vi brug for f\u00f8lgende oplysninger:<\/p><p>Navn<br \/>Adresse<br \/>Telefonnummer<br \/>E-mail adresse<\/p><p>Vi foretager registreringen af dine personoplysninger med det form\u00e5l, at kunne modtage en bestilling fra dig.<\/p><p>Personoplysningerne registreres hos\u00a0Hotel Troense\u00a0og opbevares i fem \u00e5r, hvorefter oplysningerne slettes.<\/p><p>N\u00e5r der indsamles personoplysninger via vores website, sikrer vi, at det altid sker ved afgivelse af dit udtrykkelige samtykke, s\u00e5ledes at du er informeret om pr\u00e6cis, hvilke oplysninger, der indsamles og hvorfor.<\/p><p>Direkt\u00f8ren og de ansatte for\u00a0Hotel Troense\u00a0har adgang til de oplysninger, der registreres om dig. Den dataansvarlige p\u00e5 hoteltroense.dk er Hotel Troense. Vi opbevarer ikke kundeoplysninger krypteret. Vi transmitterer ikke kundeoplysninger krypteret.<\/p><p>Oplysninger afgivet til Hoteltroense.dk anvendes kun i forbindelse med bestillingen og forsendelsen af varen. Ellers s\u00e6lges disse p\u00e5 ingen m\u00e5de videre til tredjemand, og vi registrerer ingen personf\u00f8lsomme oplysninger.<\/p><p>Som registreret hos Hotel Troense har du altid ret til at g\u00f8re indsigelse mod registreringen. Du har ogs\u00e5 ret til indsigt i, hvilke oplysninger, der er registreret om dig. Disse rettigheder har du efter Persondataloven og henvendelse i forbindelse hermed rettes til\u00a0Hotel Troense via mail p\u00e5\u00a0<a href=\"mailto:mail@hoteltroense.dk\">mail@hoteltroense.dk<\/a><\/p>\t\t\t\t\t\t\t\t<\/div>\n\t\t\t\t<\/div>\n\t\t\t\t\t<\/div>\n\t\t<\/div>\n\t\t\t\t\t<\/div>\n\t\t<\/section>\n\t\t\t\t<section class=\"elementor-section elementor-top-section elementor-element elementor-element-d3ac1f0 elementor-section-full_width elementor-section-height-default elementor-section-height-default\" data-id=\"d3ac1f0\" data-element_type=\"section\" data-e-type=\"section\" id=\"moeder\" data-settings=\"{&quot;background_background&quot;:&quot;classic&quot;}\">\n\t\t\t\t\t\t<div class=\"elementor-container elementor-column-gap-default\">\n\t\t\t\t\t<div class=\"elementor-column elementor-col-100 elementor-top-column elementor-element elementor-element-63975ca\" data-id=\"63975ca\" data-element_type=\"column\" data-e-type=\"column\">\n\t\t\t<div class=\"elementor-widget-wrap elementor-element-populated\">\n\t\t\t\t\t\t<div class=\"elementor-element elementor-element-cf7208f elementor-widget elementor-widget-heading\" data-id=\"cf7208f\" data-element_type=\"widget\" data-e-type=\"widget\" data-widget_type=\"heading.default\">\n\t\t\t\t<div class=\"elementor-widget-container\">\n\t\t\t\t\t<h2 class=\"elementor-heading-title elementor-size-default\">\u00c6ndring og annulleringsbetingelser ved m\u00f8der og kursus<\/h2>\t\t\t\t<\/div>\n\t\t\t\t<\/div>\n\t\t\t\t<div class=\"elementor-element elementor-element-efb2448 elementor-widget elementor-widget-text-editor\" data-id=\"efb2448\" data-element_type=\"widget\" data-e-type=\"widget\" data-widget_type=\"text-editor.default\">\n\t\t\t\t<div class=\"elementor-widget-container\">\n\t\t\t\t\t\t\t\t\t<p><strong>Kursus &amp; konference<\/strong><\/p><p>Afbestilling: Ved afbestilling af et kursus\/konference inden kl. 12.00, 4 uger f\u00f8r arrangementets afholdelse, sker dette uden omkostninger.<\/p><p>Ved afbestilling af et kursus\/konference, inden kl. 12.00, 1 uge f\u00f8r arrangementets afholdelse, kan hotellet kr\u00e6ve en godtg\u00f8relse der svarer til 50 % af prisen for de bestilte kuverter.<\/p><p>Ved afbestilling af et kursus\/konference, inden kl. 12.00, 2 dage f\u00f8r arrangementet, kan hotellet kr\u00e6ve en godtg\u00f8relse der svarer til 75 % af prisen\u00a0 for de bestilte kuverter.<\/p><p>\u00a0<\/p><p>Ved afbestilling af et kursus\/konference, efter kl. 12.00, 2 dage f\u00f8r arrangementet, kr\u00e6ve hotellet en godtg\u00f8relse der svarer til 100 % af prisen for de bestilte kuverter.<\/p><p><br \/>Hotellet kan i alle tilf\u00e6lde kr\u00e6ve at blive holdt skadesl\u00f8s for udgifter til s\u00e6rligt aftalte ydelser, der ikke kan afbestilles.<\/p><p>\u00a0<\/p><p><strong>\u00c6ndringer<\/strong><\/p><p>Ved reduktion af antallet af bestilte kuverter, inden kl. 12.00, 4 uger f\u00f8r arrangementets afholdelse, sker dette uden omkostninger.<\/p><p>Ved reduktion af antallet af bestilte kuverter p\u00e5 10 % eller mere, inden kl. 12.00, 1 uge f\u00f8r arrangementet, kan hotellet kr\u00e6ve en godtg\u00f8relse der svarer til 50 % af prisen for antallet af de afbestilte kuverter udover de 10 %.<\/p><p><em>Eksempel:<\/em><br \/>Hvis der er bestilt 100 kuverter og der afbestilles 15 kuverter, 10 dage f\u00f8r arrangementet (inden kl. 12.00, 1 uge f\u00f8r arrangementet), vil de 10 kuverter ( de 10 % ) kunne afbestilles uden beregning, hvorimod de sidste 5 kuverter (udover de 10 %) skal afregnes med 50 % af den aftalte kuvertpris.<\/p><p>Ved reduktion af antallet af bestilte kuverter p\u00e5 10 % eller mere, senere end kl. 12.00, 1 uge f\u00f8r arrangementet, kan hotellet kr\u00e6ve en godtg\u00f8relse der svarer til 75 % af prisen for antallet af de afbestilte kuverter udover de 10 %.<\/p><p>Ved reduktion af antallet af bestilte kuverter, efter kl. 12.00 dagen f\u00f8r arrangementet, kr\u00e6ver hotellet 100 % af prisen for de bestilte kuverter. Hotellet kan i alle tilf\u00e6lde kr\u00e6ve at blive holdt skadesl\u00f8s for udgifter til s\u00e6rligt aftalte ydelser, der ikke kan afbestilles.<\/p>\t\t\t\t\t\t\t\t<\/div>\n\t\t\t\t<\/div>\n\t\t\t\t\t<\/div>\n\t\t<\/div>\n\t\t\t\t\t<\/div>\n\t\t<\/section>\n\t\t\t\t<section class=\"elementor-section elementor-top-section elementor-element elementor-element-ffdea7e elementor-section-full_width elementor-section-height-default elementor-section-height-default\" data-id=\"ffdea7e\" data-element_type=\"section\" data-e-type=\"section\" id=\"selskaber\" data-settings=\"{&quot;background_background&quot;:&quot;classic&quot;}\">\n\t\t\t\t\t\t<div class=\"elementor-container elementor-column-gap-default\">\n\t\t\t\t\t<div class=\"elementor-column elementor-col-100 elementor-top-column elementor-element elementor-element-333830a\" data-id=\"333830a\" data-element_type=\"column\" data-e-type=\"column\">\n\t\t\t<div class=\"elementor-widget-wrap elementor-element-populated\">\n\t\t\t\t\t\t<div class=\"elementor-element elementor-element-14a4abb elementor-widget elementor-widget-heading\" data-id=\"14a4abb\" data-element_type=\"widget\" data-e-type=\"widget\" data-widget_type=\"heading.default\">\n\t\t\t\t<div class=\"elementor-widget-container\">\n\t\t\t\t\t<h2 class=\"elementor-heading-title elementor-size-default\">\u00c6ndring og annulleringsbetingelser betingelser ved selskaber<\/h2>\t\t\t\t<\/div>\n\t\t\t\t<\/div>\n\t\t\t\t<div class=\"elementor-element elementor-element-e8ae719 elementor-widget elementor-widget-text-editor\" data-id=\"e8ae719\" data-element_type=\"widget\" data-e-type=\"widget\" data-widget_type=\"text-editor.default\">\n\t\t\t\t<div class=\"elementor-widget-container\">\n\t\t\t\t\t\t\t\t\t<p><strong>Selskaber<\/strong><\/p>\n<p>Antal: Ved et selskabsarrangement forst\u00e5es en bestilling til 20 personer eller mere.<\/p>\n<p>Afbestilling: Ved afbestilling af et selskabsarrangement inden kl. 12.00, 4 uger f\u00f8r arrangementets afholdelse, sker dette uden omkostninger.<\/p>\n<p>Ved afbestilling af et selskabsarrangement, inden kl. 12.00, 1 uge f\u00f8r arrangementets afholdelse, kan hotellet kr\u00e6ve en godtg\u00f8relse der svarer til 50 % af prisen for de bestilte kuverter.<\/p>\n<p>Ved afbestilling af et selskabsarrangement, inden kl. 12.00, 2 dage f\u00f8r arrangementet, kan hotellet kr\u00e6ve en godtg\u00f8relse der svarer til 75 % af prisen&nbsp; for de bestilte kuverter.<\/p>\n<p>Ved afbestilling af et selskabsarrangement, efter kl. 12.00, 2 dage f\u00f8r arrangementet, kr\u00e6ver hotellet en godtg\u00f8relse der svarer til 100 % af prisen for de bestilte kuverter.<\/p>\n<p>Hotellet kan i alle tilf\u00e6lde kr\u00e6ve at blive holdt skadesl\u00f8s for udgifter til s\u00e6rligt aftalte ydelser, der ikke kan afbestilles.<\/p>\n<p><strong>\u00c6ndringer<\/strong><\/p>\n<p>Ved reduktion af antallet af bestilte kuverter, inden kl. 12.00, 4 uger f\u00f8r arrangementets afholdelse, sker dette uden omkostninger.<\/p>\n<p>Ved reduktion af antallet af bestilte kuverter p\u00e5 10 % eller mere, inden kl. 12.00, 1 uge f\u00f8r arrangementet, kan hotellet kr\u00e6ve en godtg\u00f8relse der svarer til 50 % af prisen for antallet af de afbestilte kuverter udover de 10 %.<\/p>\n<p><em>Eksempel:<\/em><br>Hvis der er bestilt 100 kuverter og der afbestilles 15 kuverter, 10 dage f\u00f8r arrangementet (inden kl. 12.00, 1 uge f\u00f8r arrangementet), vil de 10 kuverter ( de 10 % ) kunne afbestilles uden beregning, hvorimod de sidste 5 kuverter (udover de 10 %) skal afregnes med 50 % af den aftalte kuvertpris.<\/p>\n<p>Ved reduktion af antallet af bestilte kuverter p\u00e5 10 % eller mere, senere end kl. 12.00, 1 uge f\u00f8r arrangementet, kan hotellet kr\u00e6ve en godtg\u00f8relse der svarer til 75 % af prisen for antallet af de afbestilte kuverter udover de 10 %.<\/p>\n<p>Ved reduktion af antallet af bestilte kuverter, efter kl. 12.00 dagen f\u00f8r arrangementet, kr\u00e6ver hotellet 100 % af prisen for de bestilte kuverter. Hotellet kan i alle tilf\u00e6lde kr\u00e6ve at blive holdt skadesl\u00f8s for udgifter til s\u00e6rligt aftalte ydelser, der ikke kan afbestilles.<\/p>\t\t\t\t\t\t\t\t<\/div>\n\t\t\t\t<\/div>\n\t\t\t\t\t<\/div>\n\t\t<\/div>\n\t\t\t\t\t<\/div>\n\t\t<\/section>\n\t\t\t\t<\/div>\n\t\t","protected":false},"excerpt":{"rendered":"<p>Betingelser Generelle handelsbetingelser \u00c6ndring og annulleringsbetingelser ved m\u00f8der og kursus \u00c6ndring og annulleringsbetingelser betingelser ved selskaber Generelle handelsbetingelser Handelsbetingelser og vilk\u00e5r p\u00e5 v\u00e6relser, ikke pakkeophold og grupper Ved afbestilling af et v\u00e6relse inden kl. 12.00, 2 dage f\u00f8r opholdets afholdelse sker det uden omkostninger. Hotellet kan i alle tilf\u00e6lde kr\u00e6ve at blive holdt skadel\u00f8s for [&hellip;]<\/p>\n","protected":false},"author":5,"featured_media":342,"parent":0,"menu_order":0,"comment_status":"closed","ping_status":"closed","template":"","meta":{"footnotes":"","_links_to":"","_links_to_target":""},"class_list":["post-1982","page","type-page","status-publish","has-post-thumbnail","hentry"],"yoast_head":"<!-- This site is optimized with the Yoast SEO plugin v27.4 - https:\/\/yoast.com\/product\/yoast-seo-wordpress\/ -->\n<title>Betingelser | Hotel Troense | L\u00e6s betingelserne her<\/title>\n<meta name=\"description\" content=\"L\u00e6s om vores generelle betingelser for ophold, \u00e6ndring og annullering ved m\u00f8der, kurser og selskaber. L\u00e6s mere her.\" \/>\n<meta name=\"robots\" content=\"index, follow, max-snippet:-1, max-image-preview:large, max-video-preview:-1\" \/>\n<link rel=\"canonical\" href=\"https:\/\/hoteltroense.dk\/en\/betingelser\/\" \/>\n<meta property=\"og:locale\" content=\"en_GB\" \/>\n<meta property=\"og:type\" content=\"article\" \/>\n<meta property=\"og:title\" content=\"Betingelser | Hotel Troense | L\u00e6s betingelserne her\" \/>\n<meta property=\"og:description\" content=\"L\u00e6s om vores generelle betingelser for ophold, \u00e6ndring og annullering ved m\u00f8der, kurser og selskaber. L\u00e6s mere her.\" \/>\n<meta property=\"og:url\" content=\"https:\/\/hoteltroense.dk\/en\/betingelser\/\" \/>\n<meta property=\"og:site_name\" content=\"Hotel Troense\" \/>\n<meta property=\"article:modified_time\" content=\"2026-03-03T15:10:47+00:00\" \/>\n<meta property=\"og:image\" content=\"https:\/\/hoteltroense.dk\/wp-content\/uploads\/2023\/12\/Hotel-Troense-8745-2.jpg\" \/>\n\t<meta property=\"og:image:width\" content=\"2438\" \/>\n\t<meta property=\"og:image:height\" content=\"1632\" \/>\n\t<meta property=\"og:image:type\" content=\"image\/jpeg\" \/>\n<meta name=\"twitter:card\" content=\"summary_large_image\" \/>\n<meta name=\"twitter:label1\" content=\"Est. reading time\" \/>\n\t<meta name=\"twitter:data1\" content=\"6 minutes\" \/>\n<script type=\"application\/ld+json\" class=\"yoast-schema-graph\">{\"@context\":\"https:\\\/\\\/schema.org\",\"@graph\":[{\"@type\":\"WebPage\",\"@id\":\"https:\\\/\\\/hoteltroense.dk\\\/betingelser\\\/\",\"url\":\"https:\\\/\\\/hoteltroense.dk\\\/betingelser\\\/\",\"name\":\"Betingelser | Hotel Troense | L\u00e6s betingelserne her\",\"isPartOf\":{\"@id\":\"https:\\\/\\\/hoteltroense.dk\\\/#website\"},\"primaryImageOfPage\":{\"@id\":\"https:\\\/\\\/hoteltroense.dk\\\/betingelser\\\/#primaryimage\"},\"image\":{\"@id\":\"https:\\\/\\\/hoteltroense.dk\\\/betingelser\\\/#primaryimage\"},\"thumbnailUrl\":\"https:\\\/\\\/hoteltroense.dk\\\/wp-content\\\/uploads\\\/2023\\\/12\\\/Hotel-Troense-8745-2.jpg\",\"datePublished\":\"2023-12-21T09:53:22+00:00\",\"dateModified\":\"2026-03-03T15:10:47+00:00\",\"description\":\"L\u00e6s om vores generelle betingelser for ophold, \u00e6ndring og annullering ved m\u00f8der, kurser og selskaber. L\u00e6s mere her.\",\"breadcrumb\":{\"@id\":\"https:\\\/\\\/hoteltroense.dk\\\/betingelser\\\/#breadcrumb\"},\"inLanguage\":\"en-GB\",\"potentialAction\":[{\"@type\":\"ReadAction\",\"target\":[\"https:\\\/\\\/hoteltroense.dk\\\/betingelser\\\/\"]}]},{\"@type\":\"ImageObject\",\"inLanguage\":\"en-GB\",\"@id\":\"https:\\\/\\\/hoteltroense.dk\\\/betingelser\\\/#primaryimage\",\"url\":\"https:\\\/\\\/hoteltroense.dk\\\/wp-content\\\/uploads\\\/2023\\\/12\\\/Hotel-Troense-8745-2.jpg\",\"contentUrl\":\"https:\\\/\\\/hoteltroense.dk\\\/wp-content\\\/uploads\\\/2023\\\/12\\\/Hotel-Troense-8745-2.jpg\",\"width\":2438,\"height\":1632},{\"@type\":\"BreadcrumbList\",\"@id\":\"https:\\\/\\\/hoteltroense.dk\\\/betingelser\\\/#breadcrumb\",\"itemListElement\":[{\"@type\":\"ListItem\",\"position\":1,\"name\":\"Hjem\",\"item\":\"https:\\\/\\\/hoteltroense.dk\\\/\"},{\"@type\":\"ListItem\",\"position\":2,\"name\":\"Betingelser\"}]},{\"@type\":\"WebSite\",\"@id\":\"https:\\\/\\\/hoteltroense.dk\\\/#website\",\"url\":\"https:\\\/\\\/hoteltroense.dk\\\/\",\"name\":\"Hotel Troense\",\"description\":\"Hotel Troense er din Oase p\u00e5 Fyn n\u00e6r Svendborg.\",\"publisher\":{\"@id\":\"https:\\\/\\\/hoteltroense.dk\\\/#organization\"},\"potentialAction\":[{\"@type\":\"SearchAction\",\"target\":{\"@type\":\"EntryPoint\",\"urlTemplate\":\"https:\\\/\\\/hoteltroense.dk\\\/?s={search_term_string}\"},\"query-input\":{\"@type\":\"PropertyValueSpecification\",\"valueRequired\":true,\"valueName\":\"search_term_string\"}}],\"inLanguage\":\"en-GB\"},{\"@type\":\"Organization\",\"@id\":\"https:\\\/\\\/hoteltroense.dk\\\/#organization\",\"name\":\"Hotel Troense\",\"url\":\"https:\\\/\\\/hoteltroense.dk\\\/\",\"logo\":{\"@type\":\"ImageObject\",\"inLanguage\":\"en-GB\",\"@id\":\"https:\\\/\\\/hoteltroense.dk\\\/#\\\/schema\\\/logo\\\/image\\\/\",\"url\":\"https:\\\/\\\/hoteltroense.dk\\\/wp-content\\\/uploads\\\/2020\\\/11\\\/aflang.svg\",\"contentUrl\":\"https:\\\/\\\/hoteltroense.dk\\\/wp-content\\\/uploads\\\/2020\\\/11\\\/aflang.svg\",\"width\":569,\"height\":146,\"caption\":\"Hotel Troense\"},\"image\":{\"@id\":\"https:\\\/\\\/hoteltroense.dk\\\/#\\\/schema\\\/logo\\\/image\\\/\"}}]}<\/script>\n<!-- \/ Yoast SEO plugin. -->","yoast_head_json":{"title":"Conditions | Hotel Troense | Read the conditions here","description":"Read about our general terms and conditions for stays, changes, and cancellations for meetings, courses, and events. Read more here.","robots":{"index":"index","follow":"follow","max-snippet":"max-snippet:-1","max-image-preview":"max-image-preview:large","max-video-preview":"max-video-preview:-1"},"canonical":"https:\/\/hoteltroense.dk\/en\/betingelser\/","og_locale":"en_GB","og_type":"article","og_title":"Betingelser | Hotel Troense | L\u00e6s betingelserne her","og_description":"L\u00e6s om vores generelle betingelser for ophold, \u00e6ndring og annullering ved m\u00f8der, kurser og selskaber. L\u00e6s mere her.","og_url":"https:\/\/hoteltroense.dk\/en\/betingelser\/","og_site_name":"Hotel Troense","article_modified_time":"2026-03-03T15:10:47+00:00","og_image":[{"width":2438,"height":1632,"url":"https:\/\/hoteltroense.dk\/wp-content\/uploads\/2023\/12\/Hotel-Troense-8745-2.jpg","type":"image\/jpeg"}],"twitter_card":"summary_large_image","twitter_misc":{"Est. reading time":"6 minutes"},"schema":{"@context":"https:\/\/schema.org","@graph":[{"@type":"WebPage","@id":"https:\/\/hoteltroense.dk\/betingelser\/","url":"https:\/\/hoteltroense.dk\/betingelser\/","name":"Conditions | Hotel Troense | Read the conditions here","isPartOf":{"@id":"https:\/\/hoteltroense.dk\/#website"},"primaryImageOfPage":{"@id":"https:\/\/hoteltroense.dk\/betingelser\/#primaryimage"},"image":{"@id":"https:\/\/hoteltroense.dk\/betingelser\/#primaryimage"},"thumbnailUrl":"https:\/\/hoteltroense.dk\/wp-content\/uploads\/2023\/12\/Hotel-Troense-8745-2.jpg","datePublished":"2023-12-21T09:53:22+00:00","dateModified":"2026-03-03T15:10:47+00:00","description":"Read about our general terms and conditions for stays, changes, and cancellations for meetings, courses, and events. Read more here.","breadcrumb":{"@id":"https:\/\/hoteltroense.dk\/betingelser\/#breadcrumb"},"inLanguage":"en-GB","potentialAction":[{"@type":"ReadAction","target":["https:\/\/hoteltroense.dk\/betingelser\/"]}]},{"@type":"ImageObject","inLanguage":"en-GB","@id":"https:\/\/hoteltroense.dk\/betingelser\/#primaryimage","url":"https:\/\/hoteltroense.dk\/wp-content\/uploads\/2023\/12\/Hotel-Troense-8745-2.jpg","contentUrl":"https:\/\/hoteltroense.dk\/wp-content\/uploads\/2023\/12\/Hotel-Troense-8745-2.jpg","width":2438,"height":1632},{"@type":"BreadcrumbList","@id":"https:\/\/hoteltroense.dk\/betingelser\/#breadcrumb","itemListElement":[{"@type":"ListItem","position":1,"name":"Hjem","item":"https:\/\/hoteltroense.dk\/"},{"@type":"ListItem","position":2,"name":"Betingelser"}]},{"@type":"WebSite","@id":"https:\/\/hoteltroense.dk\/#website","url":"https:\/\/hoteltroense.dk\/","name":"Hotel Troense","description":"Hotel Troense is your oasis on Funen, near Svendborg.","publisher":{"@id":"https:\/\/hoteltroense.dk\/#organization"},"potentialAction":[{"@type":"SearchAction","target":{"@type":"EntryPoint","urlTemplate":"https:\/\/hoteltroense.dk\/?s={search_term_string}"},"query-input":{"@type":"PropertyValueSpecification","valueRequired":true,"valueName":"search_term_string"}}],"inLanguage":"en-GB"},{"@type":"Organization","@id":"https:\/\/hoteltroense.dk\/#organization","name":"Hotel Troense","url":"https:\/\/hoteltroense.dk\/","logo":{"@type":"ImageObject","inLanguage":"en-GB","@id":"https:\/\/hoteltroense.dk\/#\/schema\/logo\/image\/","url":"https:\/\/hoteltroense.dk\/wp-content\/uploads\/2020\/11\/aflang.svg","contentUrl":"https:\/\/hoteltroense.dk\/wp-content\/uploads\/2020\/11\/aflang.svg","width":569,"height":146,"caption":"Hotel Troense"},"image":{"@id":"https:\/\/hoteltroense.dk\/#\/schema\/logo\/image\/"}}]}},"_links":{"self":[{"href":"https:\/\/hoteltroense.dk\/en\/wp-json\/wp\/v2\/pages\/1982","targetHints":{"allow":["GET"]}}],"collection":[{"href":"https:\/\/hoteltroense.dk\/en\/wp-json\/wp\/v2\/pages"}],"about":[{"href":"https:\/\/hoteltroense.dk\/en\/wp-json\/wp\/v2\/types\/page"}],"author":[{"embeddable":true,"href":"https:\/\/hoteltroense.dk\/en\/wp-json\/wp\/v2\/users\/5"}],"replies":[{"embeddable":true,"href":"https:\/\/hoteltroense.dk\/en\/wp-json\/wp\/v2\/comments?post=1982"}],"version-history":[{"count":23,"href":"https:\/\/hoteltroense.dk\/en\/wp-json\/wp\/v2\/pages\/1982\/revisions"}],"predecessor-version":[{"id":3985,"href":"https:\/\/hoteltroense.dk\/en\/wp-json\/wp\/v2\/pages\/1982\/revisions\/3985"}],"wp:featuredmedia":[{"embeddable":true,"href":"https:\/\/hoteltroense.dk\/en\/wp-json\/wp\/v2\/media\/342"}],"wp:attachment":[{"href":"https:\/\/hoteltroense.dk\/en\/wp-json\/wp\/v2\/media?parent=1982"}],"curies":[{"name":"wp","href":"https:\/\/api.w.org\/{rel}","templated":true}]}}