{"id":2011,"date":"2023-12-21T10:34:15","date_gmt":"2023-12-21T09:34:15","guid":{"rendered":"https:\/\/hoteltroense.dk\/?page_id=2011"},"modified":"2026-04-14T13:13:02","modified_gmt":"2026-04-14T11:13:02","slug":"selskaber","status":"publish","type":"page","link":"https:\/\/hoteltroense.dk\/en\/selskaber\/","title":{"rendered":"Companies"},"content":{"rendered":"<div data-elementor-type=\"wp-page\" data-elementor-id=\"2011\" class=\"elementor elementor-2011\" data-elementor-post-type=\"page\">\n\t\t\t\t\t\t<section class=\"elementor-section elementor-top-section elementor-element elementor-element-817bf3c elementor-section-height-min-height elementor-section-boxed elementor-section-height-default elementor-section-items-middle\" data-id=\"817bf3c\" data-element_type=\"section\" data-e-type=\"section\" data-settings=\"{&quot;background_background&quot;:&quot;classic&quot;}\">\n\t\t\t\t\t\t<div class=\"elementor-container elementor-column-gap-default\">\n\t\t\t\t\t<div class=\"elementor-column elementor-col-100 elementor-top-column elementor-element elementor-element-e85651f\" data-id=\"e85651f\" data-element_type=\"column\" data-e-type=\"column\">\n\t\t\t<div class=\"elementor-widget-wrap\">\n\t\t\t\t\t\t\t<\/div>\n\t\t<\/div>\n\t\t\t\t\t<\/div>\n\t\t<\/section>\n\t\t\t\t<section class=\"elementor-section elementor-top-section elementor-element elementor-element-a43ec19 elementor-section-boxed elementor-section-height-default elementor-section-height-default\" data-id=\"a43ec19\" data-element_type=\"section\" data-e-type=\"section\" data-settings=\"{&quot;background_background&quot;:&quot;classic&quot;}\">\n\t\t\t\t\t\t<div class=\"elementor-container elementor-column-gap-default\">\n\t\t\t\t\t<div class=\"elementor-column elementor-col-50 elementor-top-column elementor-element elementor-element-b10be52\" data-id=\"b10be52\" data-element_type=\"column\" data-e-type=\"column\">\n\t\t\t<div class=\"elementor-widget-wrap elementor-element-populated\">\n\t\t\t\t\t\t<div class=\"elementor-element elementor-element-336ec0d elementor-widget elementor-widget-heading\" data-id=\"336ec0d\" data-element_type=\"widget\" data-e-type=\"widget\" data-widget_type=\"heading.default\">\n\t\t\t\t<div class=\"elementor-widget-container\">\n\t\t\t\t\t<h2 class=\"elementor-heading-title elementor-size-default\">Companies<\/h2>\t\t\t\t<\/div>\n\t\t\t\t<\/div>\n\t\t\t\t<div class=\"elementor-element elementor-element-a3f8787 elementor-widget elementor-widget-text-editor\" data-id=\"a3f8787\" data-element_type=\"widget\" data-e-type=\"widget\" data-widget_type=\"text-editor.default\">\n\t\t\t\t<div class=\"elementor-widget-container\">\n\t\t\t\t\t\t\t\t\t<p>Invite your guests to an unforgettable party experience! We offer completely unique settings for all types of parties, anniversaries, receptions, etc. At Hotel Troense, you'll get the most beautiful view and ample opportunity to incorporate the surrounding South Funen nature.<\/p><p>We will sit down together and plan your party. Our professional staff will help and advise with the venue, table setting, floral decorations and choice of colour for tablecloths and napkins. We focus on a high standard of ingredients and, together with you, will put together a menu to suit your specific party.<\/p><p>We look forward to giving you and your guests a fantastic experience!<\/p>\t\t\t\t\t\t\t\t<\/div>\n\t\t\t\t<\/div>\n\t\t\t\t<div class=\"elementor-element elementor-element-8b08130 elementor-align-left elementor-widget__width-auto elementor-widget elementor-widget-button\" data-id=\"8b08130\" data-element_type=\"widget\" data-e-type=\"widget\" data-widget_type=\"button.default\">\n\t\t\t\t<div class=\"elementor-widget-container\">\n\t\t\t\t\t\t\t\t\t<div class=\"elementor-button-wrapper\">\n\t\t\t\t\t<a class=\"elementor-button elementor-button-link elementor-size-sm\" href=\"\/en\/kontakt\/#formular\">\n\t\t\t\t\t\t<span class=\"elementor-button-content-wrapper\">\n\t\t\t\t\t\t\t\t\t<span class=\"elementor-button-text\">Contact us<\/span>\n\t\t\t\t\t<\/span>\n\t\t\t\t\t<\/a>\n\t\t\t\t<\/div>\n\t\t\t\t\t\t\t\t<\/div>\n\t\t\t\t<\/div>\n\t\t\t\t\t<\/div>\n\t\t<\/div>\n\t\t\t\t<div class=\"elementor-column elementor-col-50 elementor-top-column elementor-element elementor-element-a3c6d07\" data-id=\"a3c6d07\" data-element_type=\"column\" data-e-type=\"column\">\n\t\t\t<div class=\"elementor-widget-wrap elementor-element-populated\">\n\t\t\t\t\t\t<div class=\"elementor-element elementor-element-0439ac4 elementor-pagination-position-inside elementor-widget elementor-widget-image-carousel\" data-id=\"0439ac4\" data-element_type=\"widget\" data-e-type=\"widget\" data-settings=\"{&quot;slides_to_show&quot;:&quot;1&quot;,&quot;navigation&quot;:&quot;dots&quot;,&quot;autoplay&quot;:&quot;yes&quot;,&quot;pause_on_hover&quot;:&quot;yes&quot;,&quot;pause_on_interaction&quot;:&quot;yes&quot;,&quot;autoplay_speed&quot;:5000,&quot;infinite&quot;:&quot;yes&quot;,&quot;effect&quot;:&quot;slide&quot;,&quot;speed&quot;:500}\" data-widget_type=\"image-carousel.default\">\n\t\t\t\t<div class=\"elementor-widget-container\">\n\t\t\t\t\t\t\t<div class=\"elementor-image-carousel-wrapper swiper\" role=\"region\" aria-roledescription=\"carousel\" aria-label=\"Image carousel\" dir=\"ltr\">\n\t\t\t<div class=\"elementor-image-carousel swiper-wrapper swiper-image-stretch\" aria-live=\"off\">\n\t\t\t\t\t\t\t\t<div class=\"swiper-slide\" role=\"group\" aria-roledescription=\"slide\" aria-label=\"1 of 5\"><figure class=\"swiper-slide-inner\"><img decoding=\"async\" class=\"swiper-slide-image\" src=\"https:\/\/hoteltroense.dk\/wp-content\/uploads\/2023\/12\/N0A6178.jpg\" alt=\"Restaurant\" \/><\/figure><\/div><div class=\"swiper-slide\" role=\"group\" aria-roledescription=\"slide\" aria-label=\"2 of 5\"><figure class=\"swiper-slide-inner\"><img decoding=\"async\" class=\"swiper-slide-image\" src=\"https:\/\/hoteltroense.dk\/wp-content\/uploads\/2023\/12\/N0A6154.jpg\" alt=\"Restaurant\" \/><\/figure><\/div><div class=\"swiper-slide\" role=\"group\" aria-roledescription=\"slide\" aria-label=\"3 of 5\"><figure class=\"swiper-slide-inner\"><img decoding=\"async\" class=\"swiper-slide-image\" src=\"https:\/\/hoteltroense.dk\/wp-content\/uploads\/2023\/12\/N0A6166.jpg\" alt=\"Restaurant\" \/><\/figure><\/div><div class=\"swiper-slide\" role=\"group\" aria-roledescription=\"slide\" aria-label=\"4 out of 5\"><figure class=\"swiper-slide-inner\"><img decoding=\"async\" class=\"swiper-slide-image\" src=\"https:\/\/hoteltroense.dk\/wp-content\/uploads\/2023\/12\/N0A6160-1.jpg\" alt=\"Restaurant\" \/><\/figure><\/div><div class=\"swiper-slide\" role=\"group\" aria-roledescription=\"slide\" aria-label=\"5 out of 5\"><figure class=\"swiper-slide-inner\"><img decoding=\"async\" class=\"swiper-slide-image\" src=\"https:\/\/hoteltroense.dk\/wp-content\/uploads\/2023\/12\/N0A6183-copy.jpg\" alt=\"Restaurant\" \/><\/figure><\/div>\t\t\t<\/div>\n\t\t\t\t\t\t\t\n\t\t\t\t\t\t\t\t\t<div class=\"swiper-pagination\"><\/div>\n\t\t\t\t\t\t\t\t\t<\/div>\n\t\t\t\t\t\t<\/div>\n\t\t\t\t<\/div>\n\t\t\t\t\t<\/div>\n\t\t<\/div>\n\t\t\t\t\t<\/div>\n\t\t<\/section>\n\t\t\t\t<section class=\"elementor-section elementor-top-section elementor-element elementor-element-3ea7631 elementor-section-boxed elementor-section-height-default elementor-section-height-default\" data-id=\"3ea7631\" data-element_type=\"section\" data-e-type=\"section\" data-settings=\"{&quot;background_background&quot;:&quot;classic&quot;}\">\n\t\t\t\t\t\t<div class=\"elementor-container elementor-column-gap-default\">\n\t\t\t\t\t<div class=\"elementor-column elementor-col-50 elementor-top-column elementor-element elementor-element-c458d92\" data-id=\"c458d92\" data-element_type=\"column\" data-e-type=\"column\">\n\t\t\t<div class=\"elementor-widget-wrap elementor-element-populated\">\n\t\t\t\t\t\t<div class=\"elementor-element elementor-element-9f35e8c elementor-widget elementor-widget-heading\" data-id=\"9f35e8c\" data-element_type=\"widget\" data-e-type=\"widget\" data-widget_type=\"heading.default\">\n\t\t\t\t<div class=\"elementor-widget-container\">\n\t\t\t\t\t<h2 class=\"elementor-heading-title elementor-size-default\">Practical information<\/h2>\t\t\t\t<\/div>\n\t\t\t\t<\/div>\n\t\t\t\t<div class=\"elementor-element elementor-element-4ef8e0e elementor-widget elementor-widget-text-editor\" data-id=\"4ef8e0e\" data-element_type=\"widget\" data-e-type=\"widget\" data-widget_type=\"text-editor.default\">\n\t\t\t\t<div class=\"elementor-widget-container\">\n\t\t\t\t\t\t\t\t\t<p><strong>Prices<\/strong><\/p><p>Our prices are only valid for an order of a minimum 3-course menu for a minimum of 15 adult guests. Children under 12 years eat at half price. All is included in our prices, meaning there will be no extra charge for environmental fees, service, table setting, floral decorations, tablecloths &amp; napkins. Ice water during dinner is of course also free of charge when purchasing wine.<\/p><p><strong>Sweeteners for the coffee<\/strong><\/p><p>You are welcome to bring cake or similar for the coffee, cover charge DKK 20.00 per person.<\/p><p><strong>Table setting<\/strong><\/p><p>They have the option of round tables, e-shaped tables, u-shaped tables, long tables, etc.<\/p><p><strong>Candles and napkins<\/strong><\/p><p>We have a large selection of colours for tablecloths and napkins.<\/p><p><strong>Table decorations<\/strong><\/p><p>Table decorations are matched to the table setting. Should you have any special requests, we are of course happy to help with this.<\/p><p><strong>Changes and Cancellations<\/strong><\/p><p>Please\u00a0<a href=\"https:\/\/hoteltroense.dk\/en\/betingelser\/\">Terms and conditions for changes and cancellations<\/a> applicable to Hotel Troense.<\/p><p>Price list from 1 January 2024.<\/p><p><em>We reserve the right to make changes to the range and price increases.<\/em><\/p>\t\t\t\t\t\t\t\t<\/div>\n\t\t\t\t<\/div>\n\t\t\t\t\t<\/div>\n\t\t<\/div>\n\t\t\t\t<div class=\"elementor-column elementor-col-50 elementor-top-column elementor-element elementor-element-b35cda0\" data-id=\"b35cda0\" data-element_type=\"column\" data-e-type=\"column\">\n\t\t\t<div class=\"elementor-widget-wrap elementor-element-populated\">\n\t\t\t\t\t\t<div class=\"elementor-element elementor-element-0107161 elementor-widget elementor-widget-image\" data-id=\"0107161\" data-element_type=\"widget\" data-e-type=\"widget\" data-widget_type=\"image.default\">\n\t\t\t\t<div class=\"elementor-widget-container\">\n\t\t\t\t\t\t\t\t\t\t\t\t\t\t\t<img fetchpriority=\"high\" decoding=\"async\" width=\"800\" height=\"534\" src=\"https:\/\/hoteltroense.dk\/wp-content\/uploads\/2023\/12\/N0A6221-1024x683.jpg\" class=\"attachment-large size-large wp-image-1928\" alt=\"\" srcset=\"https:\/\/hoteltroense.dk\/wp-content\/uploads\/2023\/12\/N0A6221-1024x683.jpg 1024w, https:\/\/hoteltroense.dk\/wp-content\/uploads\/2023\/12\/N0A6221-300x200.jpg 300w, https:\/\/hoteltroense.dk\/wp-content\/uploads\/2023\/12\/N0A6221-768x512.jpg 768w, https:\/\/hoteltroense.dk\/wp-content\/uploads\/2023\/12\/N0A6221-1536x1024.jpg 1536w, https:\/\/hoteltroense.dk\/wp-content\/uploads\/2023\/12\/N0A6221.jpg 1890w\" sizes=\"(max-width: 800px) 100vw, 800px\" \/>\t\t\t\t\t\t\t\t\t\t\t\t\t\t\t<\/div>\n\t\t\t\t<\/div>\n\t\t\t\t\t<\/div>\n\t\t<\/div>\n\t\t\t\t\t<\/div>\n\t\t<\/section>\n\t\t\t\t<\/div>","protected":false},"excerpt":{"rendered":"<p>Selskaber Inviter Jeres g\u00e6ster p\u00e5 en uforglemmelig fest oplevelse! Vi tilbyder helt unikke rammer til alle typer af fester, jubil\u00e6er, receptioner m.m. P\u00e5 Hotel Troense, f\u00e5r De den flotteste udsigt og rig mulighed for at inddrage den sydfynske natur omkring os. Vi s\u00e6tter os sammen og planl\u00e6gger netop Deres fest. Vores professionelle personale hj\u00e6lper og [&hellip;]<\/p>\n","protected":false},"author":5,"featured_media":2208,"parent":0,"menu_order":0,"comment_status":"closed","ping_status":"closed","template":"","meta":{"footnotes":"","_links_to":"","_links_to_target":""},"class_list":["post-2011","page","type-page","status-publish","has-post-thumbnail","hentry"],"yoast_head":"<!-- This site is optimized with the Yoast SEO plugin v27.4 - https:\/\/yoast.com\/product\/yoast-seo-wordpress\/ -->\n<title>Selskaber | Hotel Troense | Mad til fest og selskaber | Se mere her<\/title>\n<meta name=\"description\" content=\"Vi har fokus p\u00e5 h\u00f8j standard af r\u00e5varer og sammens\u00e6tter sammen med dig, en menu der passer til netop din fest. Se mere her.\" \/>\n<meta name=\"robots\" content=\"index, follow, max-snippet:-1, max-image-preview:large, max-video-preview:-1\" \/>\n<link rel=\"canonical\" href=\"https:\/\/hoteltroense.dk\/en\/selskaber\/\" \/>\n<meta property=\"og:locale\" content=\"en_GB\" \/>\n<meta property=\"og:type\" content=\"article\" \/>\n<meta property=\"og:title\" content=\"Selskaber | Hotel Troense | Mad til fest og selskaber | Se mere her\" \/>\n<meta property=\"og:description\" content=\"Vi har fokus p\u00e5 h\u00f8j standard af r\u00e5varer og sammens\u00e6tter sammen med dig, en menu der passer til netop din fest. Se mere her.\" \/>\n<meta property=\"og:url\" content=\"https:\/\/hoteltroense.dk\/en\/selskaber\/\" \/>\n<meta property=\"og:site_name\" content=\"Hotel Troense\" \/>\n<meta property=\"article:modified_time\" content=\"2026-04-14T11:13:02+00:00\" \/>\n<meta property=\"og:image\" content=\"https:\/\/hoteltroense.dk\/wp-content\/uploads\/2023\/12\/N0A6171.jpg\" \/>\n\t<meta property=\"og:image:width\" content=\"1890\" \/>\n\t<meta property=\"og:image:height\" content=\"1260\" \/>\n\t<meta property=\"og:image:type\" content=\"image\/jpeg\" \/>\n<meta name=\"twitter:card\" content=\"summary_large_image\" \/>\n<meta name=\"twitter:label1\" content=\"Est. reading time\" \/>\n\t<meta name=\"twitter:data1\" content=\"3 minutes\" \/>\n<script type=\"application\/ld+json\" class=\"yoast-schema-graph\">{\"@context\":\"https:\\\/\\\/schema.org\",\"@graph\":[{\"@type\":\"WebPage\",\"@id\":\"https:\\\/\\\/hoteltroense.dk\\\/selskaber\\\/\",\"url\":\"https:\\\/\\\/hoteltroense.dk\\\/selskaber\\\/\",\"name\":\"Selskaber | Hotel Troense | Mad til fest og selskaber | Se mere her\",\"isPartOf\":{\"@id\":\"https:\\\/\\\/hoteltroense.dk\\\/#website\"},\"primaryImageOfPage\":{\"@id\":\"https:\\\/\\\/hoteltroense.dk\\\/selskaber\\\/#primaryimage\"},\"image\":{\"@id\":\"https:\\\/\\\/hoteltroense.dk\\\/selskaber\\\/#primaryimage\"},\"thumbnailUrl\":\"https:\\\/\\\/hoteltroense.dk\\\/wp-content\\\/uploads\\\/2023\\\/12\\\/N0A6171.jpg\",\"datePublished\":\"2023-12-21T09:34:15+00:00\",\"dateModified\":\"2026-04-14T11:13:02+00:00\",\"description\":\"Vi har fokus p\u00e5 h\u00f8j standard af r\u00e5varer og sammens\u00e6tter sammen med dig, en menu der passer til netop din fest. Se mere her.\",\"breadcrumb\":{\"@id\":\"https:\\\/\\\/hoteltroense.dk\\\/selskaber\\\/#breadcrumb\"},\"inLanguage\":\"en-GB\",\"potentialAction\":[{\"@type\":\"ReadAction\",\"target\":[\"https:\\\/\\\/hoteltroense.dk\\\/selskaber\\\/\"]}]},{\"@type\":\"ImageObject\",\"inLanguage\":\"en-GB\",\"@id\":\"https:\\\/\\\/hoteltroense.dk\\\/selskaber\\\/#primaryimage\",\"url\":\"https:\\\/\\\/hoteltroense.dk\\\/wp-content\\\/uploads\\\/2023\\\/12\\\/N0A6171.jpg\",\"contentUrl\":\"https:\\\/\\\/hoteltroense.dk\\\/wp-content\\\/uploads\\\/2023\\\/12\\\/N0A6171.jpg\",\"width\":1890,\"height\":1260,\"caption\":\"Restaurant\"},{\"@type\":\"BreadcrumbList\",\"@id\":\"https:\\\/\\\/hoteltroense.dk\\\/selskaber\\\/#breadcrumb\",\"itemListElement\":[{\"@type\":\"ListItem\",\"position\":1,\"name\":\"Hjem\",\"item\":\"https:\\\/\\\/hoteltroense.dk\\\/\"},{\"@type\":\"ListItem\",\"position\":2,\"name\":\"Selskaber\"}]},{\"@type\":\"WebSite\",\"@id\":\"https:\\\/\\\/hoteltroense.dk\\\/#website\",\"url\":\"https:\\\/\\\/hoteltroense.dk\\\/\",\"name\":\"Hotel Troense\",\"description\":\"Hotel Troense er din Oase p\u00e5 Fyn n\u00e6r Svendborg.\",\"publisher\":{\"@id\":\"https:\\\/\\\/hoteltroense.dk\\\/#organization\"},\"potentialAction\":[{\"@type\":\"SearchAction\",\"target\":{\"@type\":\"EntryPoint\",\"urlTemplate\":\"https:\\\/\\\/hoteltroense.dk\\\/?s={search_term_string}\"},\"query-input\":{\"@type\":\"PropertyValueSpecification\",\"valueRequired\":true,\"valueName\":\"search_term_string\"}}],\"inLanguage\":\"en-GB\"},{\"@type\":\"Organization\",\"@id\":\"https:\\\/\\\/hoteltroense.dk\\\/#organization\",\"name\":\"Hotel Troense\",\"url\":\"https:\\\/\\\/hoteltroense.dk\\\/\",\"logo\":{\"@type\":\"ImageObject\",\"inLanguage\":\"en-GB\",\"@id\":\"https:\\\/\\\/hoteltroense.dk\\\/#\\\/schema\\\/logo\\\/image\\\/\",\"url\":\"https:\\\/\\\/hoteltroense.dk\\\/wp-content\\\/uploads\\\/2020\\\/11\\\/aflang.svg\",\"contentUrl\":\"https:\\\/\\\/hoteltroense.dk\\\/wp-content\\\/uploads\\\/2020\\\/11\\\/aflang.svg\",\"width\":569,\"height\":146,\"caption\":\"Hotel Troense\"},\"image\":{\"@id\":\"https:\\\/\\\/hoteltroense.dk\\\/#\\\/schema\\\/logo\\\/image\\\/\"}}]}<\/script>\n<!-- \/ Yoast SEO plugin. -->","yoast_head_json":{"title":"Companies | Hotel Troense | Food for parties and events | See more here","description":"We focus on a high standard of ingredients and will, together with you, put together a menu that is perfect for your celebration. See more here.","robots":{"index":"index","follow":"follow","max-snippet":"max-snippet:-1","max-image-preview":"max-image-preview:large","max-video-preview":"max-video-preview:-1"},"canonical":"https:\/\/hoteltroense.dk\/en\/selskaber\/","og_locale":"en_GB","og_type":"article","og_title":"Selskaber | Hotel Troense | Mad til fest og selskaber | Se mere her","og_description":"Vi har fokus p\u00e5 h\u00f8j standard af r\u00e5varer og sammens\u00e6tter sammen med dig, en menu der passer til netop din fest. Se mere her.","og_url":"https:\/\/hoteltroense.dk\/en\/selskaber\/","og_site_name":"Hotel Troense","article_modified_time":"2026-04-14T11:13:02+00:00","og_image":[{"width":1890,"height":1260,"url":"https:\/\/hoteltroense.dk\/wp-content\/uploads\/2023\/12\/N0A6171.jpg","type":"image\/jpeg"}],"twitter_card":"summary_large_image","twitter_misc":{"Est. reading time":"3 minutes"},"schema":{"@context":"https:\/\/schema.org","@graph":[{"@type":"WebPage","@id":"https:\/\/hoteltroense.dk\/selskaber\/","url":"https:\/\/hoteltroense.dk\/selskaber\/","name":"Companies | Hotel Troense | Food for parties and events | See more here","isPartOf":{"@id":"https:\/\/hoteltroense.dk\/#website"},"primaryImageOfPage":{"@id":"https:\/\/hoteltroense.dk\/selskaber\/#primaryimage"},"image":{"@id":"https:\/\/hoteltroense.dk\/selskaber\/#primaryimage"},"thumbnailUrl":"https:\/\/hoteltroense.dk\/wp-content\/uploads\/2023\/12\/N0A6171.jpg","datePublished":"2023-12-21T09:34:15+00:00","dateModified":"2026-04-14T11:13:02+00:00","description":"We focus on a high standard of ingredients and will, together with you, put together a menu that is perfect for your celebration. See more here.","breadcrumb":{"@id":"https:\/\/hoteltroense.dk\/selskaber\/#breadcrumb"},"inLanguage":"en-GB","potentialAction":[{"@type":"ReadAction","target":["https:\/\/hoteltroense.dk\/selskaber\/"]}]},{"@type":"ImageObject","inLanguage":"en-GB","@id":"https:\/\/hoteltroense.dk\/selskaber\/#primaryimage","url":"https:\/\/hoteltroense.dk\/wp-content\/uploads\/2023\/12\/N0A6171.jpg","contentUrl":"https:\/\/hoteltroense.dk\/wp-content\/uploads\/2023\/12\/N0A6171.jpg","width":1890,"height":1260,"caption":"Restaurant"},{"@type":"BreadcrumbList","@id":"https:\/\/hoteltroense.dk\/selskaber\/#breadcrumb","itemListElement":[{"@type":"ListItem","position":1,"name":"Hjem","item":"https:\/\/hoteltroense.dk\/"},{"@type":"ListItem","position":2,"name":"Selskaber"}]},{"@type":"WebSite","@id":"https:\/\/hoteltroense.dk\/#website","url":"https:\/\/hoteltroense.dk\/","name":"Hotel Troense","description":"Hotel Troense is your oasis on Funen, near Svendborg.","publisher":{"@id":"https:\/\/hoteltroense.dk\/#organization"},"potentialAction":[{"@type":"SearchAction","target":{"@type":"EntryPoint","urlTemplate":"https:\/\/hoteltroense.dk\/?s={search_term_string}"},"query-input":{"@type":"PropertyValueSpecification","valueRequired":true,"valueName":"search_term_string"}}],"inLanguage":"en-GB"},{"@type":"Organization","@id":"https:\/\/hoteltroense.dk\/#organization","name":"Hotel Troense","url":"https:\/\/hoteltroense.dk\/","logo":{"@type":"ImageObject","inLanguage":"en-GB","@id":"https:\/\/hoteltroense.dk\/#\/schema\/logo\/image\/","url":"https:\/\/hoteltroense.dk\/wp-content\/uploads\/2020\/11\/aflang.svg","contentUrl":"https:\/\/hoteltroense.dk\/wp-content\/uploads\/2020\/11\/aflang.svg","width":569,"height":146,"caption":"Hotel Troense"},"image":{"@id":"https:\/\/hoteltroense.dk\/#\/schema\/logo\/image\/"}}]}},"_links":{"self":[{"href":"https:\/\/hoteltroense.dk\/en\/wp-json\/wp\/v2\/pages\/2011","targetHints":{"allow":["GET"]}}],"collection":[{"href":"https:\/\/hoteltroense.dk\/en\/wp-json\/wp\/v2\/pages"}],"about":[{"href":"https:\/\/hoteltroense.dk\/en\/wp-json\/wp\/v2\/types\/page"}],"author":[{"embeddable":true,"href":"https:\/\/hoteltroense.dk\/en\/wp-json\/wp\/v2\/users\/5"}],"replies":[{"embeddable":true,"href":"https:\/\/hoteltroense.dk\/en\/wp-json\/wp\/v2\/comments?post=2011"}],"version-history":[{"count":54,"href":"https:\/\/hoteltroense.dk\/en\/wp-json\/wp\/v2\/pages\/2011\/revisions"}],"predecessor-version":[{"id":4184,"href":"https:\/\/hoteltroense.dk\/en\/wp-json\/wp\/v2\/pages\/2011\/revisions\/4184"}],"wp:featuredmedia":[{"embeddable":true,"href":"https:\/\/hoteltroense.dk\/en\/wp-json\/wp\/v2\/media\/2208"}],"wp:attachment":[{"href":"https:\/\/hoteltroense.dk\/en\/wp-json\/wp\/v2\/media?parent=2011"}],"curies":[{"name":"wp","href":"https:\/\/api.w.org\/{rel}","templated":true}]}}